{"id":23278,"date":"2025-09-09T09:55:50","date_gmt":"2025-09-09T07:55:50","guid":{"rendered":"https:\/\/fruitboomkwekerijmorren.nl\/obstbaeume\/gala-mgcp\/"},"modified":"2025-09-09T11:54:20","modified_gmt":"2025-09-09T09:54:20","slug":"gala-mgcp","status":"publish","type":"page","link":"https:\/\/fruitboomkwekerijmorren.nl\/de\/obstbaeume\/gala-mgcp\/","title":{"rendered":"Gala MGCP"},"content":{"rendered":"\t\t<div data-elementor-type=\"wp-page\" data-elementor-id=\"23278\" class=\"elementor elementor-23278 elementor-23227\">\n\t\t\t\t\t\t<div class=\"elementor-inner\">\n\t\t\t\t<div class=\"elementor-section-wrap\">\n\t\t\t\t\t\t\t\t\t<section class=\"elementor-section elementor-top-section elementor-element elementor-element-4dc2cb6 elementor-section-boxed elementor-section-height-default elementor-section-height-default\" data-id=\"4dc2cb6\" data-element_type=\"section\">\n\t\t\t\t\t\t<div class=\"elementor-container elementor-column-gap-default\">\n\t\t\t\t\t\t\t<div class=\"elementor-row\">\n\t\t\t\t\t<div class=\"elementor-column elementor-col-50 elementor-top-column elementor-element elementor-element-246df09\" data-id=\"246df09\" data-element_type=\"column\">\n\t\t\t<div class=\"elementor-column-wrap elementor-element-populated\">\n\t\t\t\t\t\t\t<div class=\"elementor-widget-wrap\">\n\t\t\t\t\t\t<div class=\"elementor-element elementor-element-3ad2e24 scroll-motion-no elementor-widget elementor-widget-agrarium_image\" data-id=\"3ad2e24\" data-element_type=\"widget\" data-widget_type=\"agrarium_image.default\">\n\t\t\t\t<div class=\"elementor-widget-container\">\n\t\t\t        <div class=\"image-widget\">\n            <div class=\"image-container image-style-default\">\n                <img decoding=\"async\" class=\"main-image\" src=\"https:\/\/fruitboomkwekerijmorren.nl\/wp-content\/uploads\/2025\/09\/brilliant-gala-mgcp-web.jpeg\" alt=\"\" \/>\n                            <\/div>\n        <\/div>\n        \t\t<\/div>\n\t\t\t\t<\/div>\n\t\t\t\t\t\t<\/div>\n\t\t\t\t\t<\/div>\n\t\t<\/div>\n\t\t\t\t<div class=\"elementor-column elementor-col-50 elementor-top-column elementor-element elementor-element-9ff8745\" data-id=\"9ff8745\" data-element_type=\"column\">\n\t\t\t<div class=\"elementor-column-wrap elementor-element-populated\">\n\t\t\t\t\t\t\t<div class=\"elementor-widget-wrap\">\n\t\t\t\t\t\t<div class=\"elementor-element elementor-element-4bbb529 elementor-widget elementor-widget-agrarium_heading\" data-id=\"4bbb529\" data-element_type=\"widget\" data-widget_type=\"agrarium_heading.default\">\n\t\t\t\t<div class=\"elementor-widget-container\">\n\t\t\t<div class=\"agrarium-heading-widget\"><h2 class=\"agrarium-heading\"><span class=\"agrarium-subheading\">Malus domestica Gala MGCP*<\/span><span class=\"agrarium-heading-content\">Gala MGCP<\/span><\/h2><\/div>\t\t<\/div>\n\t\t\t\t<\/div>\n\t\t\t\t<div class=\"elementor-element elementor-element-ea24bb2 elementor-widget elementor-widget-spacer\" data-id=\"ea24bb2\" data-element_type=\"widget\" data-widget_type=\"spacer.default\">\n\t\t\t\t<div class=\"elementor-widget-container\">\n\t\t\t<style>\/*! elementor - v3.14.0 - 26-06-2023 *\/\n.elementor-column .elementor-spacer-inner{height:var(--spacer-size)}.e-con{--container-widget-width:100%}.e-con-inner>.elementor-widget-spacer,.e-con>.elementor-widget-spacer{width:var(--container-widget-width,var(--spacer-size));--align-self:var(--container-widget-align-self,initial);--flex-shrink:0}.e-con-inner>.elementor-widget-spacer>.elementor-widget-container,.e-con-inner>.elementor-widget-spacer>.elementor-widget-container>.elementor-spacer,.e-con>.elementor-widget-spacer>.elementor-widget-container,.e-con>.elementor-widget-spacer>.elementor-widget-container>.elementor-spacer{height:100%}.e-con-inner>.elementor-widget-spacer>.elementor-widget-container>.elementor-spacer>.elementor-spacer-inner,.e-con>.elementor-widget-spacer>.elementor-widget-container>.elementor-spacer>.elementor-spacer-inner{height:var(--container-widget-height,var(--spacer-size))}<\/style>\t\t<div class=\"elementor-spacer\">\n\t\t\t<div class=\"elementor-spacer-inner\"><\/div>\n\t\t<\/div>\n\t\t\t\t<\/div>\n\t\t\t\t<\/div>\n\t\t\t\t<div class=\"elementor-element elementor-element-7d5967a elementor-widget elementor-widget-text-editor\" data-id=\"7d5967a\" data-element_type=\"widget\" data-widget_type=\"text-editor.default\">\n\t\t\t\t<div class=\"elementor-widget-container\">\n\t\t\t<style>\/*! elementor - v3.14.0 - 26-06-2023 *\/\n.elementor-widget-text-editor.elementor-drop-cap-view-stacked .elementor-drop-cap{background-color:#69727d;color:#fff}.elementor-widget-text-editor.elementor-drop-cap-view-framed .elementor-drop-cap{color:#69727d;border:3px solid;background-color:transparent}.elementor-widget-text-editor:not(.elementor-drop-cap-view-default) .elementor-drop-cap{margin-top:8px}.elementor-widget-text-editor:not(.elementor-drop-cap-view-default) .elementor-drop-cap-letter{width:1em;height:1em}.elementor-widget-text-editor .elementor-drop-cap{float:left;text-align:center;line-height:1;font-size:50px}.elementor-widget-text-editor .elementor-drop-cap-letter{display:inline-block}<\/style>\t\t\t\t\t<div class=\"elementor-text-editor elementor-clearfix\">\n\t\t\t\t<p>Von gestreift bis einfarbig und intensiv leuchtend rot \u2013 das ist die Gala MGCP, auch bekannt als Brilliant Gala. Die Fruchtf\u00e4rbung der Brilliant Gala MGCP ist stabil, fr\u00fch, zeitgerecht und gut. Im Vergleich zur Gala Schniga\u00ae SchniCo kann die Gala MGCP etwa 5 Tage fr\u00fcher geerntet werden. Im Vergleich zur Gala Mitchgla kann sie 7 bis 10 Tage fr\u00fcher geerntet werden.    <\/p>\n<p>Die \u00c4pfel der Sorte Gala MGCP* \/ Brilliant Gala zeichnen sich auch durch ihre gute Fruchtform aus. Im Vergleich zu einer Gala hat die Gala MGCP eine etwas kleinere Kelchgrube und die Fruchtstiele sind nicht (zu) lang.  <\/p>\n<p>Die \u00c4pfel k\u00f6nnen sowohl teilweise gestreift als auch mit voller R\u00f6te geerntet werden, was ein gro\u00dfer Vorteil des Gala MGCP ist. Der MGCP-Apfel f\u00e4rbt sich fr\u00fch und gut, selbst wenn er im Schatten h\u00e4ngt, wobei die R\u00f6te zur Erntezeit immer geschlossener und gleichm\u00e4\u00dfiger wird. Der Rand der R\u00f6te und die Schattenseite des Brilliant Gala-Apfels bleiben oft etwas gestreift oder gesprenkelt. Die Hintergrundfarbe bleibt in der Regel etwas sichtbar. Dies verleiht dem Gala MGCP-Apfel ein frisches und attraktives Aussehen.     <\/p>\n<p>Die Fr\u00fcchte reifen relativ schnell und f\u00e4rben sich schnell. Die Erntezeit f\u00fcr Gala MGCP in Nordwesteuropa ist von Ende August bis zur ersten Septemberwoche. Gala MGCP-\u00c4pfel werden in maximal zwei Ernteg\u00e4ngen geerntet. Der Gala MGCP-Apfel unterscheidet sich geschmacklich nicht von anderen Gala-\u00c4pfeln. Der Apfel ist knackig, saftig und s\u00fc\u00df. Der Zuckergehalt liegt im Durchschnitt bei etwa 13 Brix.      <\/p>\n<p>Die Gala MGCP stammt aus Nederweert in den Niederlanden. Die Gala MGCP ist eine Mutation der Kidd&#8217;s D-8. Die Gala MGCP ist eine stabile Mutation und weist nur wenige bis gar keine (\u201er\u00fcckw\u00e4rts\u201c) mutierenden Fr\u00fcchte auf.   <\/p>\n<p>Im Jahr 2025 wurde Gala MGCP das gemeinschaftliche Sortenschutzrecht (Europ\u00e4ische Union) gew\u00e4hrt. Die Obstbaumschule Morren ist Lizenznehmer und z\u00fcchtet Gala MGCP B\u00e4ume unter Verwendung von zertifizierten Edelreisern und\/oder Knospenholz aus den Vermeerderingstuinen als Grundlage. Das Brilliant Gala-Logo ist ein eingetragenes Warenzeichen.   <\/p>\n\t\t\t\t\t<\/div>\n\t\t\t\t\t\t<\/div>\n\t\t\t\t<\/div>\n\t\t\t\t<div class=\"elementor-element elementor-element-5dabdf5 elementor-widget elementor-widget-spacer\" data-id=\"5dabdf5\" data-element_type=\"widget\" data-widget_type=\"spacer.default\">\n\t\t\t\t<div class=\"elementor-widget-container\">\n\t\t\t\t\t<div class=\"elementor-spacer\">\n\t\t\t<div class=\"elementor-spacer-inner\"><\/div>\n\t\t<\/div>\n\t\t\t\t<\/div>\n\t\t\t\t<\/div>\n\t\t\t\t<div class=\"elementor-element elementor-element-84d8f4f elementor-widget elementor-widget-agrarium_button\" data-id=\"84d8f4f\" data-element_type=\"widget\" data-widget_type=\"agrarium_button.default\">\n\t\t\t\t<div class=\"elementor-widget-container\">\n\t\t\t\n        <div class=\"button-widget\">\n            <div class=\"button-container\">\n                <a class=\"agrarium-button\" href=\"\/de\/obstbaeume\/#apfel\" >&lt; \u00dcbersicht<\/a>\n            <\/div>\n        <\/div>\n        \t\t<\/div>\n\t\t\t\t<\/div>\n\t\t\t\t\t\t<\/div>\n\t\t\t\t\t<\/div>\n\t\t<\/div>\n\t\t\t\t\t\t\t\t<\/div>\n\t\t\t\t\t<\/div>\n\t\t<\/section>\n\t\t\t\t<section class=\"elementor-section elementor-top-section elementor-element elementor-element-7a99f27 elementor-section-boxed elementor-section-height-default elementor-section-height-default\" data-id=\"7a99f27\" data-element_type=\"section\">\n\t\t\t\t\t\t<div class=\"elementor-container elementor-column-gap-default\">\n\t\t\t\t\t\t\t<div class=\"elementor-row\">\n\t\t\t\t\t<div class=\"elementor-column elementor-col-33 elementor-top-column elementor-element elementor-element-5675dd4\" data-id=\"5675dd4\" data-element_type=\"column\">\n\t\t\t<div class=\"elementor-column-wrap elementor-element-populated\">\n\t\t\t\t\t\t\t<div class=\"elementor-widget-wrap\">\n\t\t\t\t\t\t<div class=\"elementor-element elementor-element-62c89ca scroll-motion-no elementor-widget elementor-widget-agrarium_image\" data-id=\"62c89ca\" data-element_type=\"widget\" data-widget_type=\"agrarium_image.default\">\n\t\t\t\t<div class=\"elementor-widget-container\">\n\t\t\t        <div class=\"image-widget\">\n            <div class=\"image-container image-style-default\">\n                <img decoding=\"async\" class=\"main-image\" src=\"https:\/\/fruitboomkwekerijmorren.nl\/wp-content\/uploads\/2025\/09\/brilliant-gala-mgcp-harvested.jpeg\" alt=\"\" \/>\n                            <\/div>\n        <\/div>\n        \t\t<\/div>\n\t\t\t\t<\/div>\n\t\t\t\t\t\t<\/div>\n\t\t\t\t\t<\/div>\n\t\t<\/div>\n\t\t\t\t<div class=\"elementor-column elementor-col-33 elementor-top-column elementor-element elementor-element-b1490b9\" data-id=\"b1490b9\" data-element_type=\"column\">\n\t\t\t<div class=\"elementor-column-wrap elementor-element-populated\">\n\t\t\t\t\t\t\t<div class=\"elementor-widget-wrap\">\n\t\t\t\t\t\t<div class=\"elementor-element elementor-element-3b15d38 scroll-motion-no elementor-widget elementor-widget-agrarium_image\" data-id=\"3b15d38\" data-element_type=\"widget\" data-widget_type=\"agrarium_image.default\">\n\t\t\t\t<div class=\"elementor-widget-container\">\n\t\t\t        <div class=\"image-widget\">\n            <div class=\"image-container image-style-default\">\n                <img decoding=\"async\" class=\"main-image\" src=\"https:\/\/fruitboomkwekerijmorren.nl\/wp-content\/uploads\/2025\/09\/logo-brilliant-gala-mgcp.png\" alt=\"\" \/>\n                            <\/div>\n        <\/div>\n        \t\t<\/div>\n\t\t\t\t<\/div>\n\t\t\t\t\t\t<\/div>\n\t\t\t\t\t<\/div>\n\t\t<\/div>\n\t\t\t\t<div class=\"elementor-column elementor-col-33 elementor-top-column elementor-element elementor-element-d81e28c\" data-id=\"d81e28c\" data-element_type=\"column\">\n\t\t\t<div class=\"elementor-column-wrap elementor-element-populated\">\n\t\t\t\t\t\t\t<div class=\"elementor-widget-wrap\">\n\t\t\t\t\t\t<div class=\"elementor-element elementor-element-f441bd4 scroll-motion-no elementor-widget elementor-widget-agrarium_image\" data-id=\"f441bd4\" data-element_type=\"widget\" data-widget_type=\"agrarium_image.default\">\n\t\t\t\t<div class=\"elementor-widget-container\">\n\t\t\t        <div class=\"image-widget\">\n            <div class=\"image-container image-style-default\">\n                <img decoding=\"async\" class=\"main-image\" src=\"https:\/\/fruitboomkwekerijmorren.nl\/wp-content\/uploads\/2025\/09\/brilliant-gala-mgcp-1.jpeg\" alt=\"\" \/>\n                            <\/div>\n        <\/div>\n        \t\t<\/div>\n\t\t\t\t<\/div>\n\t\t\t\t\t\t<\/div>\n\t\t\t\t\t<\/div>\n\t\t<\/div>\n\t\t\t\t\t\t\t\t<\/div>\n\t\t\t\t\t<\/div>\n\t\t<\/section>\n\t\t\t\t<section class=\"elementor-section elementor-top-section elementor-element elementor-element-655a93b elementor-section-boxed elementor-section-height-default elementor-section-height-default\" data-id=\"655a93b\" data-element_type=\"section\" data-settings=\"{&quot;background_background&quot;:&quot;classic&quot;}\">\n\t\t\t\t\t\t<div class=\"elementor-container elementor-column-gap-default\">\n\t\t\t\t\t\t\t<div class=\"elementor-row\">\n\t\t\t\t\t<div class=\"elementor-column elementor-col-100 elementor-top-column elementor-element elementor-element-17ce906\" data-id=\"17ce906\" data-element_type=\"column\">\n\t\t\t<div class=\"elementor-column-wrap elementor-element-populated\">\n\t\t\t\t\t\t\t<div class=\"elementor-widget-wrap\">\n\t\t\t\t\t\t<div class=\"elementor-element elementor-element-7c56afb elementor-widget elementor-widget-text-editor\" data-id=\"7c56afb\" data-element_type=\"widget\" data-widget_type=\"text-editor.default\">\n\t\t\t\t<div class=\"elementor-widget-container\">\n\t\t\t\t\t\t\t\t<div class=\"elementor-text-editor elementor-clearfix\">\n\t\t\t\t<h5 style=\"text-align: center;\"><span style=\"color: #7cb306;\">Gesunde und zertifizierte Gala MGCP* B\u00e4ume<\/span><\/h5>\n<p style=\"text-align: center;\">Suchen Sie Gala MGCP \/ Brilliant Gala Obstb\u00e4ume f\u00fcr Ihren Obstgarten? Entscheiden Sie sich f\u00fcr zertifizierte Gala MGCP-B\u00e4ume, um Ihren Obstgarten gesund zu beginnen. Bitte z\u00f6gern Sie nicht, sich nach der Verf\u00fcgbarkeit zu informieren.  <\/p>\n\t\t\t\t\t<\/div>\n\t\t\t\t\t\t<\/div>\n\t\t\t\t<\/div>\n\t\t\t\t<div class=\"elementor-element elementor-element-d907f60 elementor-widget elementor-widget-spacer\" data-id=\"d907f60\" data-element_type=\"widget\" data-widget_type=\"spacer.default\">\n\t\t\t\t<div class=\"elementor-widget-container\">\n\t\t\t\t\t<div class=\"elementor-spacer\">\n\t\t\t<div class=\"elementor-spacer-inner\"><\/div>\n\t\t<\/div>\n\t\t\t\t<\/div>\n\t\t\t\t<\/div>\n\t\t\t\t<div class=\"elementor-element elementor-element-6bc2820 elementor-widget elementor-widget-agrarium_button\" data-id=\"6bc2820\" data-element_type=\"widget\" data-widget_type=\"agrarium_button.default\">\n\t\t\t\t<div class=\"elementor-widget-container\">\n\t\t\t\n        <div class=\"button-widget\">\n            <div class=\"button-container\">\n                <a class=\"agrarium-button\" href=\"\/de\/kontakt\" target=\"_blank\">Infos anfordern &gt;<\/a>\n            <\/div>\n        <\/div>\n        \t\t<\/div>\n\t\t\t\t<\/div>\n\t\t\t\t\t\t<\/div>\n\t\t\t\t\t<\/div>\n\t\t<\/div>\n\t\t\t\t\t\t\t\t<\/div>\n\t\t\t\t\t<\/div>\n\t\t<\/section>\n\t\t\t\t\t\t\t\t\t<\/div>\n\t\t\t<\/div>\n\t\t\t\t\t<\/div>\n\t\t","protected":false},"excerpt":{"rendered":"<p>Von gestreift bis einfarbig und intensiv leuchtend rot \u2013 das ist die Gala MGCP, auch bekannt als Brilliant Gala. Die Fruchtf\u00e4rbung der Brilliant Gala MGCP ist stabil, fr\u00fch, zeitgerecht und gut. Im Vergleich zur Gala Schniga\u00ae SchniCo kann die Gala MGCP&#8230;<\/p>\n","protected":false},"author":1,"featured_media":0,"parent":21993,"menu_order":0,"comment_status":"closed","ping_status":"closed","template":"","meta":{"om_disable_all_campaigns":false,"_monsterinsights_skip_tracking":false,"_monsterinsights_sitenote_active":false,"_monsterinsights_sitenote_note":"","_monsterinsights_sitenote_category":0,"footnotes":""},"class_list":["post-23278","page","type-page","status-publish","hentry"],"aioseo_notices":[],"_links":{"self":[{"href":"https:\/\/fruitboomkwekerijmorren.nl\/de\/wp-json\/wp\/v2\/pages\/23278","targetHints":{"allow":["GET"]}}],"collection":[{"href":"https:\/\/fruitboomkwekerijmorren.nl\/de\/wp-json\/wp\/v2\/pages"}],"about":[{"href":"https:\/\/fruitboomkwekerijmorren.nl\/de\/wp-json\/wp\/v2\/types\/page"}],"author":[{"embeddable":true,"href":"https:\/\/fruitboomkwekerijmorren.nl\/de\/wp-json\/wp\/v2\/users\/1"}],"replies":[{"embeddable":true,"href":"https:\/\/fruitboomkwekerijmorren.nl\/de\/wp-json\/wp\/v2\/comments?post=23278"}],"version-history":[{"count":4,"href":"https:\/\/fruitboomkwekerijmorren.nl\/de\/wp-json\/wp\/v2\/pages\/23278\/revisions"}],"predecessor-version":[{"id":23283,"href":"https:\/\/fruitboomkwekerijmorren.nl\/de\/wp-json\/wp\/v2\/pages\/23278\/revisions\/23283"}],"up":[{"embeddable":true,"href":"https:\/\/fruitboomkwekerijmorren.nl\/de\/wp-json\/wp\/v2\/pages\/21993"}],"wp:attachment":[{"href":"https:\/\/fruitboomkwekerijmorren.nl\/de\/wp-json\/wp\/v2\/media?parent=23278"}],"curies":[{"name":"wp","href":"https:\/\/api.w.org\/{rel}","templated":true}]}}