{"id":22907,"date":"2023-09-20T10:03:12","date_gmt":"2023-09-20T08:03:12","guid":{"rendered":"https:\/\/fruitboomkwekerijmorren.nl\/obstbaeume\/gala-dark-ann\/"},"modified":"2025-08-26T13:59:25","modified_gmt":"2025-08-26T11:59:25","slug":"gala-dark-ann","status":"publish","type":"page","link":"https:\/\/fruitboomkwekerijmorren.nl\/de\/obstbaeume\/gala-dark-ann\/","title":{"rendered":"Gala Dark Ann\u00ae"},"content":{"rendered":"\t\t<div data-elementor-type=\"wp-page\" data-elementor-id=\"22907\" class=\"elementor elementor-22907 elementor-21829\">\n\t\t\t\t\t\t<div class=\"elementor-inner\">\n\t\t\t\t<div class=\"elementor-section-wrap\">\n\t\t\t\t\t\t\t\t\t<section class=\"elementor-section elementor-top-section elementor-element elementor-element-82e4fd2 elementor-section-boxed elementor-section-height-default elementor-section-height-default\" data-id=\"82e4fd2\" data-element_type=\"section\">\n\t\t\t\t\t\t<div class=\"elementor-container elementor-column-gap-default\">\n\t\t\t\t\t\t\t<div class=\"elementor-row\">\n\t\t\t\t\t<div class=\"elementor-column elementor-col-50 elementor-top-column elementor-element elementor-element-512273b\" data-id=\"512273b\" data-element_type=\"column\">\n\t\t\t<div class=\"elementor-column-wrap elementor-element-populated\">\n\t\t\t\t\t\t\t<div class=\"elementor-widget-wrap\">\n\t\t\t\t\t\t<div class=\"elementor-element elementor-element-00a69bf scroll-motion-no elementor-widget elementor-widget-agrarium_image\" data-id=\"00a69bf\" data-element_type=\"widget\" data-widget_type=\"agrarium_image.default\">\n\t\t\t\t<div class=\"elementor-widget-container\">\n\t\t\t        <div class=\"image-widget\">\n            <div class=\"image-container image-style-default\">\n                <img decoding=\"async\" class=\"main-image\" src=\"https:\/\/fruitboomkwekerijmorren.nl\/wp-content\/uploads\/2023\/09\/gala-dark-ann.jpg\" alt=\"\" \/>\n                            <\/div>\n        <\/div>\n        \t\t<\/div>\n\t\t\t\t<\/div>\n\t\t\t\t<div class=\"elementor-element elementor-element-5090ca3 elementor-widget elementor-widget-spacer\" data-id=\"5090ca3\" data-element_type=\"widget\" data-widget_type=\"spacer.default\">\n\t\t\t\t<div class=\"elementor-widget-container\">\n\t\t\t<style>\/*! elementor - v3.14.0 - 26-06-2023 *\/\n.elementor-column .elementor-spacer-inner{height:var(--spacer-size)}.e-con{--container-widget-width:100%}.e-con-inner>.elementor-widget-spacer,.e-con>.elementor-widget-spacer{width:var(--container-widget-width,var(--spacer-size));--align-self:var(--container-widget-align-self,initial);--flex-shrink:0}.e-con-inner>.elementor-widget-spacer>.elementor-widget-container,.e-con-inner>.elementor-widget-spacer>.elementor-widget-container>.elementor-spacer,.e-con>.elementor-widget-spacer>.elementor-widget-container,.e-con>.elementor-widget-spacer>.elementor-widget-container>.elementor-spacer{height:100%}.e-con-inner>.elementor-widget-spacer>.elementor-widget-container>.elementor-spacer>.elementor-spacer-inner,.e-con>.elementor-widget-spacer>.elementor-widget-container>.elementor-spacer>.elementor-spacer-inner{height:var(--container-widget-height,var(--spacer-size))}<\/style>\t\t<div class=\"elementor-spacer\">\n\t\t\t<div class=\"elementor-spacer-inner\"><\/div>\n\t\t<\/div>\n\t\t\t\t<\/div>\n\t\t\t\t<\/div>\n\t\t\t\t\t\t<\/div>\n\t\t\t\t\t<\/div>\n\t\t<\/div>\n\t\t\t\t<div class=\"elementor-column elementor-col-50 elementor-top-column elementor-element elementor-element-db01974\" data-id=\"db01974\" data-element_type=\"column\">\n\t\t\t<div class=\"elementor-column-wrap elementor-element-populated\">\n\t\t\t\t\t\t\t<div class=\"elementor-widget-wrap\">\n\t\t\t\t\t\t<div class=\"elementor-element elementor-element-cdfc9a0 elementor-widget elementor-widget-agrarium_heading\" data-id=\"cdfc9a0\" data-element_type=\"widget\" data-widget_type=\"agrarium_heading.default\">\n\t\t\t\t<div class=\"elementor-widget-container\">\n\t\t\t<div class=\"agrarium-heading-widget\"><h2 class=\"agrarium-heading\"><span class=\"agrarium-subheading\">Malus domestica Gala Dark Ann\u00ae<\/span><span class=\"agrarium-heading-content\">Gala Dark Ann\u00ae<\/span><\/h2><\/div>\t\t<\/div>\n\t\t\t\t<\/div>\n\t\t\t\t<div class=\"elementor-element elementor-element-b179629 elementor-widget elementor-widget-spacer\" data-id=\"b179629\" data-element_type=\"widget\" data-widget_type=\"spacer.default\">\n\t\t\t\t<div class=\"elementor-widget-container\">\n\t\t\t\t\t<div class=\"elementor-spacer\">\n\t\t\t<div class=\"elementor-spacer-inner\"><\/div>\n\t\t<\/div>\n\t\t\t\t<\/div>\n\t\t\t\t<\/div>\n\t\t\t\t<div class=\"elementor-element elementor-element-d60dd70 elementor-widget elementor-widget-text-editor\" data-id=\"d60dd70\" data-element_type=\"widget\" data-widget_type=\"text-editor.default\">\n\t\t\t\t<div class=\"elementor-widget-container\">\n\t\t\t<style>\/*! elementor - v3.14.0 - 26-06-2023 *\/\n.elementor-widget-text-editor.elementor-drop-cap-view-stacked .elementor-drop-cap{background-color:#69727d;color:#fff}.elementor-widget-text-editor.elementor-drop-cap-view-framed .elementor-drop-cap{color:#69727d;border:3px solid;background-color:transparent}.elementor-widget-text-editor:not(.elementor-drop-cap-view-default) .elementor-drop-cap{margin-top:8px}.elementor-widget-text-editor:not(.elementor-drop-cap-view-default) .elementor-drop-cap-letter{width:1em;height:1em}.elementor-widget-text-editor .elementor-drop-cap{float:left;text-align:center;line-height:1;font-size:50px}.elementor-widget-text-editor .elementor-drop-cap-letter{display:inline-block}<\/style>\t\t\t\t\t<div class=\"elementor-text-editor elementor-clearfix\">\n\t\t\t\t<p>Die \u00c4pfel der Sorte Gala Dark Ann\u00ae f\u00e4rben sich fr\u00fch, sodass die Ernte zum richtigen Reifezeitpunkt erfolgen kann. Je nach Ertrag kann die Sorte Gala Dark Ann\u00ae in zweimal geerntet werden. <\/p>\n<p>Ausstattung Gala Dark Ann\u00ae.<\/p>\n<table width=\"0\">\n<tbody>\n<tr>\n<td>\n<p><strong><em>Mutant von<\/em><\/strong><\/p>\n<\/td>\n<td>\n<p>Der Dark Ann\u00ae ist eine mutant der Gala.<\/p>\n<\/td>\n<\/tr>\n<tr>\n<td>\n<p><strong><em>Herkunft<\/em><\/strong><\/p>\n<\/td>\n<td>\n<p>Kaufmann (2007), S\u00fcdtirol, Italien. Die Vermehrung des Edelreises erfolgt bei der <a href=\"https:\/\/www.vermeerderingstuinen.nl\/\" target=\"_blank\" rel=\"noopener\">Vermeerderingstuinen<\/a> in Horst, Niederlande. <\/p>\n<\/td>\n<\/tr>\n<tr>\n<td>\n<p><strong><em>Wachstum<\/em><\/strong><\/p>\n<\/td>\n<td>\n<p>Der Gala Dark Ann\u00ae Baum w\u00e4chst normal und l\u00e4sst sich daher im Obstgarten gut pflegen.<\/p>\n<\/td>\n<\/tr>\n<tr>\n<td>\n<p><strong><em>Bl\u00fcte<\/em><\/strong><\/p>\n<\/td>\n<td>\n<p>Gala Dark Ann\u00ae bl\u00fcht ungef\u00e4hr zur gleichen Zeit wie Golden delicious. Geeignete befruchter sind <a href=\"https:\/\/fruitboomkwekerijmorren.nl\/vruchtbomen\/golden-delicious-reinders\/\">Golden delicious Reinders\u00ae<\/a>, <a href=\"https:\/\/fruitboomkwekerijmorren.nl\/vruchtbomen\/granny-smith\/\">Granny Smith<\/a>, Idared, Professor Sprenger und Evereste. Wenig empfindlich f\u00fcr Nachtfrost.  <\/p>\n<\/td>\n<\/tr>\n<tr>\n<td>\n<p><strong><em>Produktion<\/em><\/strong><\/p>\n<\/td>\n<td>\n<p>Die Gala Dark Ann\u00ae reift zwei bis vier Tage fr\u00fcher als andere Gala-Mutanten. Die Produktivit\u00e4t ist vergleichbar mit Gala. <\/p>\n<\/td>\n<\/tr>\n<tr>\n<td>\n<p><strong><em>Erntezeit<\/em><\/strong><\/p>\n<\/td>\n<td>\n<p>Zweite Augusth\u00e4lfte.<\/p>\n<\/td>\n<\/tr>\n<tr>\n<td>\n<p><strong><em>Aussehen<\/em><\/strong><\/p>\n<\/td>\n<td>\n<p>Ein auff\u00e4lliges Merkmal der Gala Dark Ann\u00ae \u00c4pfel ist ihre attraktive, nicht einheitliche, intensiv dunkelrote Farbe. Manchmal mit hellen Streifen. Die Gr\u00f6\u00dfe der \u00c4pfel ist vergleichbar mit normalen Gala \u00c4pfeln.  <\/p>\n<\/td>\n<\/tr>\n<tr>\n<td>\n<p><strong><em>Qualit\u00e4t<\/em><\/strong><\/p>\n<\/td>\n<td>\n<p>Das Fruchtfleisch der Dark Ann\u00ae ist saftig. Der Geschmack ist so, wie ein Gala schmecken sollte. <\/p>\n<\/td>\n<\/tr>\n<tr>\n<td>\n<p><strong><em>Lagerung<\/em><\/strong><\/p>\n<\/td>\n<td>\n<p>Die Lagerung ist bis Februar m\u00f6glich. Unter ULO-Bedingungen ist eine l\u00e4ngere Lagerung m\u00f6glich. Vergleichbar mit anderen Gala-Mutanten.  <\/p>\n<\/td>\n<\/tr>\n<tr>\n<td>\n<p><strong><em>Besonderheiten<\/em><\/strong><\/p>\n<\/td>\n<td>\n<p>Gut f\u00e4rbende Gala Mutante.<\/p>\n<\/td>\n<\/tr>\n<\/tbody>\n<\/table>\n\t\t\t\t\t<\/div>\n\t\t\t\t\t\t<\/div>\n\t\t\t\t<\/div>\n\t\t\t\t<div class=\"elementor-element elementor-element-bc96dda elementor-widget elementor-widget-spacer\" data-id=\"bc96dda\" data-element_type=\"widget\" data-widget_type=\"spacer.default\">\n\t\t\t\t<div class=\"elementor-widget-container\">\n\t\t\t\t\t<div class=\"elementor-spacer\">\n\t\t\t<div class=\"elementor-spacer-inner\"><\/div>\n\t\t<\/div>\n\t\t\t\t<\/div>\n\t\t\t\t<\/div>\n\t\t\t\t<div class=\"elementor-element elementor-element-91b6b73 elementor-widget elementor-widget-agrarium_button\" data-id=\"91b6b73\" data-element_type=\"widget\" data-widget_type=\"agrarium_button.default\">\n\t\t\t\t<div class=\"elementor-widget-container\">\n\t\t\t\n        <div class=\"button-widget\">\n            <div class=\"button-container\">\n                <a class=\"agrarium-button\" href=\"\/de\/obstbaeume\" >&lt; \u00dcbersicht<\/a>\n            <\/div>\n        <\/div>\n        \t\t<\/div>\n\t\t\t\t<\/div>\n\t\t\t\t<div class=\"elementor-element elementor-element-cd8e8f0 elementor-widget elementor-widget-spacer\" data-id=\"cd8e8f0\" data-element_type=\"widget\" data-widget_type=\"spacer.default\">\n\t\t\t\t<div class=\"elementor-widget-container\">\n\t\t\t\t\t<div class=\"elementor-spacer\">\n\t\t\t<div class=\"elementor-spacer-inner\"><\/div>\n\t\t<\/div>\n\t\t\t\t<\/div>\n\t\t\t\t<\/div>\n\t\t\t\t\t\t<\/div>\n\t\t\t\t\t<\/div>\n\t\t<\/div>\n\t\t\t\t\t\t\t\t<\/div>\n\t\t\t\t\t<\/div>\n\t\t<\/section>\n\t\t\t\t<section class=\"elementor-section elementor-top-section elementor-element elementor-element-0dab34e elementor-section-boxed elementor-section-height-default elementor-section-height-default\" data-id=\"0dab34e\" data-element_type=\"section\" data-settings=\"{&quot;background_background&quot;:&quot;classic&quot;}\">\n\t\t\t\t\t\t<div class=\"elementor-container elementor-column-gap-default\">\n\t\t\t\t\t\t\t<div class=\"elementor-row\">\n\t\t\t\t\t<div class=\"elementor-column elementor-col-100 elementor-top-column elementor-element elementor-element-5c76369\" data-id=\"5c76369\" data-element_type=\"column\">\n\t\t\t<div class=\"elementor-column-wrap elementor-element-populated\">\n\t\t\t\t\t\t\t<div class=\"elementor-widget-wrap\">\n\t\t\t\t\t\t<div class=\"elementor-element elementor-element-f296dcd elementor-widget elementor-widget-text-editor\" data-id=\"f296dcd\" data-element_type=\"widget\" data-widget_type=\"text-editor.default\">\n\t\t\t\t<div class=\"elementor-widget-container\">\n\t\t\t\t\t\t\t\t<div class=\"elementor-text-editor elementor-clearfix\">\n\t\t\t\t<h5 style=\"text-align: center;\"><span style=\"color: #7cb306;\">Gesunde Gala Dark Ann\u00ae B\u00e4ume<\/span><\/h5>\n<p style=\"text-align: center;\">Suchen Sie Gala Dark Ann\u00ae Obstb\u00e4ume f\u00fcr Ihren Obstbaubetrieb? Fragen Sie unverbindlich nach der Verf\u00fcgbarkeit. <\/p>\n\t\t\t\t\t<\/div>\n\t\t\t\t\t\t<\/div>\n\t\t\t\t<\/div>\n\t\t\t\t<div class=\"elementor-element elementor-element-8d597a0 elementor-widget elementor-widget-spacer\" data-id=\"8d597a0\" data-element_type=\"widget\" data-widget_type=\"spacer.default\">\n\t\t\t\t<div class=\"elementor-widget-container\">\n\t\t\t\t\t<div class=\"elementor-spacer\">\n\t\t\t<div class=\"elementor-spacer-inner\"><\/div>\n\t\t<\/div>\n\t\t\t\t<\/div>\n\t\t\t\t<\/div>\n\t\t\t\t<div class=\"elementor-element elementor-element-0a27c3e elementor-widget elementor-widget-agrarium_button\" data-id=\"0a27c3e\" data-element_type=\"widget\" data-widget_type=\"agrarium_button.default\">\n\t\t\t\t<div class=\"elementor-widget-container\">\n\t\t\t\n        <div class=\"button-widget\">\n            <div class=\"button-container\">\n                <a class=\"agrarium-button\" href=\"\/de\/kontakt\" >Mehr Infos &gt;<\/a>\n            <\/div>\n        <\/div>\n        \t\t<\/div>\n\t\t\t\t<\/div>\n\t\t\t\t\t\t<\/div>\n\t\t\t\t\t<\/div>\n\t\t<\/div>\n\t\t\t\t\t\t\t\t<\/div>\n\t\t\t\t\t<\/div>\n\t\t<\/section>\n\t\t\t\t\t\t\t\t\t<\/div>\n\t\t\t<\/div>\n\t\t\t\t\t<\/div>\n\t\t","protected":false},"excerpt":{"rendered":"<p>Die \u00c4pfel der Sorte Gala Dark Ann\u00ae f\u00e4rben sich fr\u00fch, sodass die Ernte zum richtigen Reifezeitpunkt erfolgen kann. Je nach Ertrag kann die Sorte Gala Dark Ann\u00ae in zweimal geerntet werden. Ausstattung Gala Dark Ann\u00ae. Mutant von Der Dark Ann\u00ae ist&#8230;<\/p>\n","protected":false},"author":1,"featured_media":0,"parent":21993,"menu_order":0,"comment_status":"closed","ping_status":"closed","template":"","meta":{"om_disable_all_campaigns":false,"_monsterinsights_skip_tracking":false,"_monsterinsights_sitenote_active":false,"_monsterinsights_sitenote_note":"","_monsterinsights_sitenote_category":0,"footnotes":""},"class_list":["post-22907","page","type-page","status-publish","hentry"],"aioseo_notices":[],"_links":{"self":[{"href":"https:\/\/fruitboomkwekerijmorren.nl\/de\/wp-json\/wp\/v2\/pages\/22907","targetHints":{"allow":["GET"]}}],"collection":[{"href":"https:\/\/fruitboomkwekerijmorren.nl\/de\/wp-json\/wp\/v2\/pages"}],"about":[{"href":"https:\/\/fruitboomkwekerijmorren.nl\/de\/wp-json\/wp\/v2\/types\/page"}],"author":[{"embeddable":true,"href":"https:\/\/fruitboomkwekerijmorren.nl\/de\/wp-json\/wp\/v2\/users\/1"}],"replies":[{"embeddable":true,"href":"https:\/\/fruitboomkwekerijmorren.nl\/de\/wp-json\/wp\/v2\/comments?post=22907"}],"version-history":[{"count":7,"href":"https:\/\/fruitboomkwekerijmorren.nl\/de\/wp-json\/wp\/v2\/pages\/22907\/revisions"}],"predecessor-version":[{"id":22914,"href":"https:\/\/fruitboomkwekerijmorren.nl\/de\/wp-json\/wp\/v2\/pages\/22907\/revisions\/22914"}],"up":[{"embeddable":true,"href":"https:\/\/fruitboomkwekerijmorren.nl\/de\/wp-json\/wp\/v2\/pages\/21993"}],"wp:attachment":[{"href":"https:\/\/fruitboomkwekerijmorren.nl\/de\/wp-json\/wp\/v2\/media?parent=22907"}],"curies":[{"name":"wp","href":"https:\/\/api.w.org\/{rel}","templated":true}]}}