{"id":22102,"date":"2023-09-14T13:27:25","date_gmt":"2023-09-14T11:27:25","guid":{"rendered":"https:\/\/fruitboomkwekerijmorren.nl\/obstbaeume\/elstar-palm-pcp\/"},"modified":"2023-11-15T09:14:59","modified_gmt":"2023-11-15T08:14:59","slug":"elstar-palm-pcp","status":"publish","type":"page","link":"https:\/\/fruitboomkwekerijmorren.nl\/de\/obstbaeume\/elstar-palm-pcp\/","title":{"rendered":"Elstar Palm P.C.P.\u00ae"},"content":{"rendered":"\t\t<div data-elementor-type=\"wp-page\" data-elementor-id=\"22102\" class=\"elementor elementor-22102 elementor-21633\">\n\t\t\t\t\t\t<div class=\"elementor-inner\">\n\t\t\t\t<div class=\"elementor-section-wrap\">\n\t\t\t\t\t\t\t\t\t<section class=\"elementor-section elementor-top-section elementor-element elementor-element-177ed6e elementor-section-boxed elementor-section-height-default elementor-section-height-default\" data-id=\"177ed6e\" data-element_type=\"section\">\n\t\t\t\t\t\t<div class=\"elementor-container elementor-column-gap-default\">\n\t\t\t\t\t\t\t<div class=\"elementor-row\">\n\t\t\t\t\t<div class=\"elementor-column elementor-col-50 elementor-top-column elementor-element elementor-element-acf321b\" data-id=\"acf321b\" data-element_type=\"column\">\n\t\t\t<div class=\"elementor-column-wrap elementor-element-populated\">\n\t\t\t\t\t\t\t<div class=\"elementor-widget-wrap\">\n\t\t\t\t\t\t<div class=\"elementor-element elementor-element-a5108c1 scroll-motion-no elementor-widget elementor-widget-agrarium_image\" data-id=\"a5108c1\" data-element_type=\"widget\" data-widget_type=\"agrarium_image.default\">\n\t\t\t\t<div class=\"elementor-widget-container\">\n\t\t\t        <div class=\"image-widget\">\n            <div class=\"image-container image-style-default\">\n                <img decoding=\"async\" class=\"main-image\" src=\"https:\/\/fruitboomkwekerijmorren.nl\/wp-content\/uploads\/2023\/09\/elstar-palm-pcp-1.jpg\" alt=\"Elstar Palm P.C.P.\u00ae\" \/>\n                            <\/div>\n        <\/div>\n        \t\t<\/div>\n\t\t\t\t<\/div>\n\t\t\t\t<div class=\"elementor-element elementor-element-75e5ad7 elementor-widget elementor-widget-spacer\" data-id=\"75e5ad7\" data-element_type=\"widget\" data-widget_type=\"spacer.default\">\n\t\t\t\t<div class=\"elementor-widget-container\">\n\t\t\t<style>\/*! elementor - v3.14.0 - 26-06-2023 *\/\n.elementor-column .elementor-spacer-inner{height:var(--spacer-size)}.e-con{--container-widget-width:100%}.e-con-inner>.elementor-widget-spacer,.e-con>.elementor-widget-spacer{width:var(--container-widget-width,var(--spacer-size));--align-self:var(--container-widget-align-self,initial);--flex-shrink:0}.e-con-inner>.elementor-widget-spacer>.elementor-widget-container,.e-con-inner>.elementor-widget-spacer>.elementor-widget-container>.elementor-spacer,.e-con>.elementor-widget-spacer>.elementor-widget-container,.e-con>.elementor-widget-spacer>.elementor-widget-container>.elementor-spacer{height:100%}.e-con-inner>.elementor-widget-spacer>.elementor-widget-container>.elementor-spacer>.elementor-spacer-inner,.e-con>.elementor-widget-spacer>.elementor-widget-container>.elementor-spacer>.elementor-spacer-inner{height:var(--container-widget-height,var(--spacer-size))}<\/style>\t\t<div class=\"elementor-spacer\">\n\t\t\t<div class=\"elementor-spacer-inner\"><\/div>\n\t\t<\/div>\n\t\t\t\t<\/div>\n\t\t\t\t<\/div>\n\t\t\t\t\t\t<\/div>\n\t\t\t\t\t<\/div>\n\t\t<\/div>\n\t\t\t\t<div class=\"elementor-column elementor-col-50 elementor-top-column elementor-element elementor-element-464a3fa\" data-id=\"464a3fa\" data-element_type=\"column\">\n\t\t\t<div class=\"elementor-column-wrap elementor-element-populated\">\n\t\t\t\t\t\t\t<div class=\"elementor-widget-wrap\">\n\t\t\t\t\t\t<div class=\"elementor-element elementor-element-61e4b38 elementor-widget elementor-widget-agrarium_heading\" data-id=\"61e4b38\" data-element_type=\"widget\" data-widget_type=\"agrarium_heading.default\">\n\t\t\t\t<div class=\"elementor-widget-container\">\n\t\t\t<div class=\"agrarium-heading-widget\"><h2 class=\"agrarium-heading\"><span class=\"agrarium-subheading\">Malus domestica Elstar PCP<\/span><span class=\"agrarium-heading-content\">Elstar Palm P.C.P.\u00ae<\/span><\/h2><\/div>\t\t<\/div>\n\t\t\t\t<\/div>\n\t\t\t\t<div class=\"elementor-element elementor-element-2e665e7 elementor-widget elementor-widget-spacer\" data-id=\"2e665e7\" data-element_type=\"widget\" data-widget_type=\"spacer.default\">\n\t\t\t\t<div class=\"elementor-widget-container\">\n\t\t\t\t\t<div class=\"elementor-spacer\">\n\t\t\t<div class=\"elementor-spacer-inner\"><\/div>\n\t\t<\/div>\n\t\t\t\t<\/div>\n\t\t\t\t<\/div>\n\t\t\t\t<div class=\"elementor-element elementor-element-b3388d2 elementor-widget elementor-widget-text-editor\" data-id=\"b3388d2\" data-element_type=\"widget\" data-widget_type=\"text-editor.default\">\n\t\t\t\t<div class=\"elementor-widget-container\">\n\t\t\t<style>\/*! elementor - v3.14.0 - 26-06-2023 *\/\n.elementor-widget-text-editor.elementor-drop-cap-view-stacked .elementor-drop-cap{background-color:#69727d;color:#fff}.elementor-widget-text-editor.elementor-drop-cap-view-framed .elementor-drop-cap{color:#69727d;border:3px solid;background-color:transparent}.elementor-widget-text-editor:not(.elementor-drop-cap-view-default) .elementor-drop-cap{margin-top:8px}.elementor-widget-text-editor:not(.elementor-drop-cap-view-default) .elementor-drop-cap-letter{width:1em;height:1em}.elementor-widget-text-editor .elementor-drop-cap{float:left;text-align:center;line-height:1;font-size:50px}.elementor-widget-text-editor .elementor-drop-cap-letter{display:inline-block}<\/style>\t\t\t\t\t<div class=\"elementor-text-editor elementor-clearfix\">\n\t\t\t\t<p>Die Elstar Palm P.C.P.\u00ae stammt aus einer Standard Elstar Anlage und wurde bei der Firma Peter und Christa Palm (PCP) in der ber\u00fchmten Obstregion \u201eAltes-Land\u201c in Deutschland gefunden. Beim Elstar PCP handelt es sich um einen etwas flacheren Apfel, was der Fruchtgr\u00f6\u00dfe zugute kommt.<\/p>\n\t\t\t\t\t<\/div>\n\t\t\t\t\t\t<\/div>\n\t\t\t\t<\/div>\n\t\t\t\t<div class=\"elementor-element elementor-element-547c89c elementor-widget elementor-widget-spacer\" data-id=\"547c89c\" data-element_type=\"widget\" data-widget_type=\"spacer.default\">\n\t\t\t\t<div class=\"elementor-widget-container\">\n\t\t\t\t\t<div class=\"elementor-spacer\">\n\t\t\t<div class=\"elementor-spacer-inner\"><\/div>\n\t\t<\/div>\n\t\t\t\t<\/div>\n\t\t\t\t<\/div>\n\t\t\t\t<div class=\"elementor-element elementor-element-93ce54a elementor-widget elementor-widget-agrarium_button\" data-id=\"93ce54a\" data-element_type=\"widget\" data-widget_type=\"agrarium_button.default\">\n\t\t\t\t<div class=\"elementor-widget-container\">\n\t\t\t\n        <div class=\"button-widget\">\n            <div class=\"button-container\">\n                <a class=\"agrarium-button\" href=\"\/de\/obstbaeume\" >&lt; \u00dcbersicht<\/a>\n            <\/div>\n        <\/div>\n        \t\t<\/div>\n\t\t\t\t<\/div>\n\t\t\t\t\t\t<\/div>\n\t\t\t\t\t<\/div>\n\t\t<\/div>\n\t\t\t\t\t\t\t\t<\/div>\n\t\t\t\t\t<\/div>\n\t\t<\/section>\n\t\t\t\t<section class=\"elementor-section elementor-top-section elementor-element elementor-element-f8f9e96 elementor-section-boxed elementor-section-height-default elementor-section-height-default\" data-id=\"f8f9e96\" data-element_type=\"section\">\n\t\t\t\t\t\t<div class=\"elementor-container elementor-column-gap-default\">\n\t\t\t\t\t\t\t<div class=\"elementor-row\">\n\t\t\t\t\t<div class=\"elementor-column elementor-col-100 elementor-top-column elementor-element elementor-element-111e2a1\" data-id=\"111e2a1\" data-element_type=\"column\">\n\t\t\t<div class=\"elementor-column-wrap elementor-element-populated\">\n\t\t\t\t\t\t\t<div class=\"elementor-widget-wrap\">\n\t\t\t\t\t\t<div class=\"elementor-element elementor-element-3a5c771 elementor-widget elementor-widget-text-editor\" data-id=\"3a5c771\" data-element_type=\"widget\" data-widget_type=\"text-editor.default\">\n\t\t\t\t<div class=\"elementor-widget-container\">\n\t\t\t\t\t\t\t\t<div class=\"elementor-text-editor elementor-clearfix\">\n\t\t\t\t<h5 style=\"text-align: center;\"><span style=\"color: #7cb306;\">Gesunde und zertifizierte Elstar Palm P.C.P.\u00ae B\u00e4ume<\/span><\/h5>\n<p style=\"text-align: center;\">Auf der suche nach Elstar PCP Obstb\u00e4ume von Niederl\u00e4ndischen Obstbaumchule? Bitte kontaktieren Sie uns unverbindlich, um die M\u00f6glichkeiten zu besprechen.<\/p>\n\t\t\t\t\t<\/div>\n\t\t\t\t\t\t<\/div>\n\t\t\t\t<\/div>\n\t\t\t\t<div class=\"elementor-element elementor-element-28d4116 elementor-widget elementor-widget-spacer\" data-id=\"28d4116\" data-element_type=\"widget\" data-widget_type=\"spacer.default\">\n\t\t\t\t<div class=\"elementor-widget-container\">\n\t\t\t\t\t<div class=\"elementor-spacer\">\n\t\t\t<div class=\"elementor-spacer-inner\"><\/div>\n\t\t<\/div>\n\t\t\t\t<\/div>\n\t\t\t\t<\/div>\n\t\t\t\t<div class=\"elementor-element elementor-element-01ca250 elementor-widget elementor-widget-agrarium_button\" data-id=\"01ca250\" data-element_type=\"widget\" data-widget_type=\"agrarium_button.default\">\n\t\t\t\t<div class=\"elementor-widget-container\">\n\t\t\t\n        <div class=\"button-widget\">\n            <div class=\"button-container\">\n                <a class=\"agrarium-button\" href=\"\/de\/kontakt\" >Mehr Infos &gt;<\/a>\n            <\/div>\n        <\/div>\n        \t\t<\/div>\n\t\t\t\t<\/div>\n\t\t\t\t\t\t<\/div>\n\t\t\t\t\t<\/div>\n\t\t<\/div>\n\t\t\t\t\t\t\t\t<\/div>\n\t\t\t\t\t<\/div>\n\t\t<\/section>\n\t\t\t\t\t\t\t\t\t<\/div>\n\t\t\t<\/div>\n\t\t\t\t\t<\/div>\n\t\t","protected":false},"excerpt":{"rendered":"<p>Die Elstar Palm P.C.P.\u00ae stammt aus einer Standard Elstar Anlage und wurde bei der Firma Peter und Christa Palm (PCP) in der ber\u00fchmten Obstregion \u201eAltes-Land\u201c in Deutschland gefunden. Beim Elstar PCP handelt es sich um einen etwas flacheren Apfel, was der&#8230;<\/p>\n","protected":false},"author":1,"featured_media":0,"parent":21993,"menu_order":0,"comment_status":"closed","ping_status":"closed","template":"","meta":{"om_disable_all_campaigns":false,"_monsterinsights_skip_tracking":false,"_monsterinsights_sitenote_active":false,"_monsterinsights_sitenote_note":"","_monsterinsights_sitenote_category":0,"footnotes":""},"class_list":["post-22102","page","type-page","status-publish","hentry"],"aioseo_notices":[],"_links":{"self":[{"href":"https:\/\/fruitboomkwekerijmorren.nl\/de\/wp-json\/wp\/v2\/pages\/22102","targetHints":{"allow":["GET"]}}],"collection":[{"href":"https:\/\/fruitboomkwekerijmorren.nl\/de\/wp-json\/wp\/v2\/pages"}],"about":[{"href":"https:\/\/fruitboomkwekerijmorren.nl\/de\/wp-json\/wp\/v2\/types\/page"}],"author":[{"embeddable":true,"href":"https:\/\/fruitboomkwekerijmorren.nl\/de\/wp-json\/wp\/v2\/users\/1"}],"replies":[{"embeddable":true,"href":"https:\/\/fruitboomkwekerijmorren.nl\/de\/wp-json\/wp\/v2\/comments?post=22102"}],"version-history":[{"count":4,"href":"https:\/\/fruitboomkwekerijmorren.nl\/de\/wp-json\/wp\/v2\/pages\/22102\/revisions"}],"predecessor-version":[{"id":22106,"href":"https:\/\/fruitboomkwekerijmorren.nl\/de\/wp-json\/wp\/v2\/pages\/22102\/revisions\/22106"}],"up":[{"embeddable":true,"href":"https:\/\/fruitboomkwekerijmorren.nl\/de\/wp-json\/wp\/v2\/pages\/21993"}],"wp:attachment":[{"href":"https:\/\/fruitboomkwekerijmorren.nl\/de\/wp-json\/wp\/v2\/media?parent=22102"}],"curies":[{"name":"wp","href":"https:\/\/api.w.org\/{rel}","templated":true}]}}