{"id":22085,"date":"2023-09-14T13:30:07","date_gmt":"2023-09-14T11:30:07","guid":{"rendered":"https:\/\/fruitboomkwekerijmorren.nl\/obstbaeume\/elstar-van-der-grift\/"},"modified":"2023-11-15T08:57:31","modified_gmt":"2023-11-15T07:57:31","slug":"elstar-van-der-grift","status":"publish","type":"page","link":"https:\/\/fruitboomkwekerijmorren.nl\/de\/obstbaeume\/elstar-van-der-grift\/","title":{"rendered":"Elstar Van der Grift\u00ae"},"content":{"rendered":"\t\t<div data-elementor-type=\"wp-page\" data-elementor-id=\"22085\" class=\"elementor elementor-22085 elementor-21635\">\n\t\t\t\t\t\t<div class=\"elementor-inner\">\n\t\t\t\t<div class=\"elementor-section-wrap\">\n\t\t\t\t\t\t\t\t\t<section class=\"elementor-section elementor-top-section elementor-element elementor-element-15a3df6 elementor-section-boxed elementor-section-height-default elementor-section-height-default\" data-id=\"15a3df6\" data-element_type=\"section\">\n\t\t\t\t\t\t<div class=\"elementor-container elementor-column-gap-default\">\n\t\t\t\t\t\t\t<div class=\"elementor-row\">\n\t\t\t\t\t<div class=\"elementor-column elementor-col-50 elementor-top-column elementor-element elementor-element-21579f3\" data-id=\"21579f3\" data-element_type=\"column\">\n\t\t\t<div class=\"elementor-column-wrap elementor-element-populated\">\n\t\t\t\t\t\t\t<div class=\"elementor-widget-wrap\">\n\t\t\t\t\t\t<div class=\"elementor-element elementor-element-bf30c26 scroll-motion-no elementor-widget elementor-widget-agrarium_image\" data-id=\"bf30c26\" data-element_type=\"widget\" data-widget_type=\"agrarium_image.default\">\n\t\t\t\t<div class=\"elementor-widget-container\">\n\t\t\t        <div class=\"image-widget\">\n            <div class=\"image-container image-style-default\">\n                <img decoding=\"async\" class=\"main-image\" src=\"https:\/\/fruitboomkwekerijmorren.nl\/wp-content\/uploads\/2023\/09\/elstar-van-der-grift.jpg\" alt=\"Elstar van der Grift\u00ae\" \/>\n                            <\/div>\n        <\/div>\n        \t\t<\/div>\n\t\t\t\t<\/div>\n\t\t\t\t<div class=\"elementor-element elementor-element-a50ae2b elementor-widget elementor-widget-spacer\" data-id=\"a50ae2b\" data-element_type=\"widget\" data-widget_type=\"spacer.default\">\n\t\t\t\t<div class=\"elementor-widget-container\">\n\t\t\t<style>\/*! elementor - v3.14.0 - 26-06-2023 *\/\n.elementor-column .elementor-spacer-inner{height:var(--spacer-size)}.e-con{--container-widget-width:100%}.e-con-inner>.elementor-widget-spacer,.e-con>.elementor-widget-spacer{width:var(--container-widget-width,var(--spacer-size));--align-self:var(--container-widget-align-self,initial);--flex-shrink:0}.e-con-inner>.elementor-widget-spacer>.elementor-widget-container,.e-con-inner>.elementor-widget-spacer>.elementor-widget-container>.elementor-spacer,.e-con>.elementor-widget-spacer>.elementor-widget-container,.e-con>.elementor-widget-spacer>.elementor-widget-container>.elementor-spacer{height:100%}.e-con-inner>.elementor-widget-spacer>.elementor-widget-container>.elementor-spacer>.elementor-spacer-inner,.e-con>.elementor-widget-spacer>.elementor-widget-container>.elementor-spacer>.elementor-spacer-inner{height:var(--container-widget-height,var(--spacer-size))}<\/style>\t\t<div class=\"elementor-spacer\">\n\t\t\t<div class=\"elementor-spacer-inner\"><\/div>\n\t\t<\/div>\n\t\t\t\t<\/div>\n\t\t\t\t<\/div>\n\t\t\t\t<div class=\"elementor-element elementor-element-aa94e79 elementor-widget elementor-widget-spacer\" data-id=\"aa94e79\" data-element_type=\"widget\" data-widget_type=\"spacer.default\">\n\t\t\t\t<div class=\"elementor-widget-container\">\n\t\t\t\t\t<div class=\"elementor-spacer\">\n\t\t\t<div class=\"elementor-spacer-inner\"><\/div>\n\t\t<\/div>\n\t\t\t\t<\/div>\n\t\t\t\t<\/div>\n\t\t\t\t\t\t<\/div>\n\t\t\t\t\t<\/div>\n\t\t<\/div>\n\t\t\t\t<div class=\"elementor-column elementor-col-50 elementor-top-column elementor-element elementor-element-3b7de59\" data-id=\"3b7de59\" data-element_type=\"column\">\n\t\t\t<div class=\"elementor-column-wrap elementor-element-populated\">\n\t\t\t\t\t\t\t<div class=\"elementor-widget-wrap\">\n\t\t\t\t\t\t<div class=\"elementor-element elementor-element-fceb066 elementor-widget elementor-widget-agrarium_heading\" data-id=\"fceb066\" data-element_type=\"widget\" data-widget_type=\"agrarium_heading.default\">\n\t\t\t\t<div class=\"elementor-widget-container\">\n\t\t\t<div class=\"agrarium-heading-widget\"><h2 class=\"agrarium-heading\"><span class=\"agrarium-subheading\">Malus domestica Elstar Van der Grift\u00ae<\/span><span class=\"agrarium-heading-content\">Elstar Van der Grift\u00ae<\/span><\/h2><\/div>\t\t<\/div>\n\t\t\t\t<\/div>\n\t\t\t\t<div class=\"elementor-element elementor-element-5d2337b elementor-widget elementor-widget-spacer\" data-id=\"5d2337b\" data-element_type=\"widget\" data-widget_type=\"spacer.default\">\n\t\t\t\t<div class=\"elementor-widget-container\">\n\t\t\t\t\t<div class=\"elementor-spacer\">\n\t\t\t<div class=\"elementor-spacer-inner\"><\/div>\n\t\t<\/div>\n\t\t\t\t<\/div>\n\t\t\t\t<\/div>\n\t\t\t\t<div class=\"elementor-element elementor-element-3b9e68e elementor-widget elementor-widget-text-editor\" data-id=\"3b9e68e\" data-element_type=\"widget\" data-widget_type=\"text-editor.default\">\n\t\t\t\t<div class=\"elementor-widget-container\">\n\t\t\t<style>\/*! elementor - v3.14.0 - 26-06-2023 *\/\n.elementor-widget-text-editor.elementor-drop-cap-view-stacked .elementor-drop-cap{background-color:#69727d;color:#fff}.elementor-widget-text-editor.elementor-drop-cap-view-framed .elementor-drop-cap{color:#69727d;border:3px solid;background-color:transparent}.elementor-widget-text-editor:not(.elementor-drop-cap-view-default) .elementor-drop-cap{margin-top:8px}.elementor-widget-text-editor:not(.elementor-drop-cap-view-default) .elementor-drop-cap-letter{width:1em;height:1em}.elementor-widget-text-editor .elementor-drop-cap{float:left;text-align:center;line-height:1;font-size:50px}.elementor-widget-text-editor .elementor-drop-cap-letter{display:inline-block}<\/style>\t\t\t\t\t<div class=\"elementor-text-editor elementor-clearfix\">\n\t\t\t\t<p>Der Elstar van der Grift\u00ae ist ein dunkelroter Elstar Mutant. Die Van der Grift\u00ae \u00c4pfel f\u00e4rben sich fr\u00fcher als die anderen Elstar Mutanten. Ein Vorteil davon ist, dass der Elstar van der Grift\u00ae 5 bis 10 Tage fr\u00fcher geerntet werden kann.<\/p><p>Eigenschaften Malus Domestica Elstar Van der Grift\u00ae.<\/p><table width=\"0\"><tbody><tr><td><p><strong><em>Mutant von<\/em><\/strong><\/p><\/td><td><p>Mutant des Elstar.<\/p><\/td><\/tr><tr><td><p><strong><em>Herkunft<\/em><\/strong><\/p><\/td><td><p>Der Elstar Van der Grift\u00ae stammt aus den Niederlanden und wurde in 1985 entdeckt.<\/p><\/td><\/tr><tr><td><p><strong><em>Wachstum<\/em><\/strong><\/p><\/td><td><p>Der Van der Grift\u00ae w\u00e4chst stark, wie die meisten Elstar Mutanten. Der Elstar Van der Grift\u00ae hat eine etwas mehr horizontale Astlage als zum Beispiel der <a href=\"https:\/\/fruitboomkwekerijmorren.nl\/de\/obstbaeume\/elstar-boerekamp-excellent-star\/\">Elstar Boerekamp Excellent Star\u00ae<\/a>.<\/p><\/td><\/tr><tr><td><p><strong><em>Bl\u00fcte<\/em><\/strong><\/p><\/td><td><p>Mittesp\u00e4t. Empfehlenswert ist zum Beispiel eine Fremdbest\u00e4ubung durch <a href=\"https:\/\/fruitboomkwekerijmorren.nl\/vruchtbomen\/golden-delicious-reinders\/\">Golden delicious Reinders\u00ae<\/a> oder Bestauberb\u00e4ume wie <a href=\"http:\/\/de\/obstbaeume\/#zierapfel\" data-wplink-url-error=\"true\">Zier\u00e4pfel<\/a>.<\/p><\/td><\/tr><tr><td><p><strong><em>Produktion<\/em><\/strong><\/p><\/td><td><p>Fr\u00fch und gut.<\/p><\/td><\/tr><tr><td><p><strong><em>Erntezeit<\/em><\/strong><\/p><\/td><td><p>Anfang September bis zweite Septemberh\u00e4lfte.<\/p><\/td><\/tr><tr><td><p><strong><em>Aussehen<\/em><\/strong><\/p><\/td><td><p>Die Elstar Van der Grift\u00ae \u00c4pfel werden dunkelrot. Durch die fr\u00fchere und dunklere F\u00e4rbung k\u00f6nnen die \u00c4pfel fr\u00fcher gepfl\u00fcckt werden als andere Elstar Mutanten. Dar\u00fcber hinaus kann bei der ersten Pfl\u00fcck ein hoher Anteil an Elstar Van der Grift\u00ae \u00c4pfeln gepfl\u00fcckt werden.<\/p><\/td><\/tr><tr><td><p><strong><em>Qualit\u00e4t<\/em><\/strong><\/p><\/td><td><p>Ausgezeichneter Geschmack. Der Elstar Van der Grift\u00ae hat einen relativ guten Zuckergehalt.<\/p><\/td><\/tr><tr><td><p><strong><em>Lagerung<\/em><\/strong><\/p><\/td><td><p>Onder ULO condities tot eind april. Kann durch den Einsatz von SmartFresh\u2122 erweitert werden. Shelf life ist recht gut.<\/p><\/td><\/tr><tr><td><p><strong><em>Besonderheiten<\/em><\/strong><\/p><\/td><td><p>Van der Grift\u00ae ist ein sehr gut f\u00e4rbender dunkelroter Elstar-Mutant.<\/p><\/td><\/tr><\/tbody><\/table>\t\t\t\t\t<\/div>\n\t\t\t\t\t\t<\/div>\n\t\t\t\t<\/div>\n\t\t\t\t<div class=\"elementor-element elementor-element-dd3cadf elementor-widget elementor-widget-spacer\" data-id=\"dd3cadf\" data-element_type=\"widget\" data-widget_type=\"spacer.default\">\n\t\t\t\t<div class=\"elementor-widget-container\">\n\t\t\t\t\t<div class=\"elementor-spacer\">\n\t\t\t<div class=\"elementor-spacer-inner\"><\/div>\n\t\t<\/div>\n\t\t\t\t<\/div>\n\t\t\t\t<\/div>\n\t\t\t\t<div class=\"elementor-element elementor-element-811baaf elementor-widget elementor-widget-agrarium_button\" data-id=\"811baaf\" data-element_type=\"widget\" data-widget_type=\"agrarium_button.default\">\n\t\t\t\t<div class=\"elementor-widget-container\">\n\t\t\t\n        <div class=\"button-widget\">\n            <div class=\"button-container\">\n                <a class=\"agrarium-button\" href=\"\/de\/obstbaeume\" >&lt; \u00dcbersicht<\/a>\n            <\/div>\n        <\/div>\n        \t\t<\/div>\n\t\t\t\t<\/div>\n\t\t\t\t\t\t<\/div>\n\t\t\t\t\t<\/div>\n\t\t<\/div>\n\t\t\t\t\t\t\t\t<\/div>\n\t\t\t\t\t<\/div>\n\t\t<\/section>\n\t\t\t\t<section class=\"elementor-section elementor-top-section elementor-element elementor-element-734d2bf elementor-section-boxed elementor-section-height-default elementor-section-height-default\" data-id=\"734d2bf\" data-element_type=\"section\">\n\t\t\t\t\t\t<div class=\"elementor-container elementor-column-gap-default\">\n\t\t\t\t\t\t\t<div class=\"elementor-row\">\n\t\t\t\t\t<div class=\"elementor-column elementor-col-100 elementor-top-column elementor-element elementor-element-3f300fc\" data-id=\"3f300fc\" data-element_type=\"column\">\n\t\t\t<div class=\"elementor-column-wrap elementor-element-populated\">\n\t\t\t\t\t\t\t<div class=\"elementor-widget-wrap\">\n\t\t\t\t\t\t<div class=\"elementor-element elementor-element-817f01c elementor-widget elementor-widget-text-editor\" data-id=\"817f01c\" data-element_type=\"widget\" data-widget_type=\"text-editor.default\">\n\t\t\t\t<div class=\"elementor-widget-container\">\n\t\t\t\t\t\t\t\t<div class=\"elementor-text-editor elementor-clearfix\">\n\t\t\t\t<h5 style=\"text-align: center;\"><span style=\"color: #7cb306;\">Robuste und zertifizierte Elstar Van der Grift\u00ae-B\u00e4ume<\/span><\/h5>\n<p style=\"text-align: center;\">Auf der suche nach Holl\u00e4ndische Elstar van der Grift\u00ae B\u00e4ume? Fragen Sie gerne nach der Verf\u00fcgbarkeit.<\/p>\n\t\t\t\t\t<\/div>\n\t\t\t\t\t\t<\/div>\n\t\t\t\t<\/div>\n\t\t\t\t<div class=\"elementor-element elementor-element-6b5a5a9 elementor-widget elementor-widget-spacer\" data-id=\"6b5a5a9\" data-element_type=\"widget\" data-widget_type=\"spacer.default\">\n\t\t\t\t<div class=\"elementor-widget-container\">\n\t\t\t\t\t<div class=\"elementor-spacer\">\n\t\t\t<div class=\"elementor-spacer-inner\"><\/div>\n\t\t<\/div>\n\t\t\t\t<\/div>\n\t\t\t\t<\/div>\n\t\t\t\t<div class=\"elementor-element elementor-element-8d1a4a4 elementor-widget elementor-widget-agrarium_button\" data-id=\"8d1a4a4\" data-element_type=\"widget\" data-widget_type=\"agrarium_button.default\">\n\t\t\t\t<div class=\"elementor-widget-container\">\n\t\t\t\n        <div class=\"button-widget\">\n            <div class=\"button-container\">\n                <a class=\"agrarium-button\" href=\"\/de\/kontakt\" >Mehr infos &gt;<\/a>\n            <\/div>\n        <\/div>\n        \t\t<\/div>\n\t\t\t\t<\/div>\n\t\t\t\t\t\t<\/div>\n\t\t\t\t\t<\/div>\n\t\t<\/div>\n\t\t\t\t\t\t\t\t<\/div>\n\t\t\t\t\t<\/div>\n\t\t<\/section>\n\t\t\t\t\t\t\t\t\t<\/div>\n\t\t\t<\/div>\n\t\t\t\t\t<\/div>\n\t\t","protected":false},"excerpt":{"rendered":"<p>Der Elstar van der Grift\u00ae ist ein dunkelroter Elstar Mutant. Die Van der Grift\u00ae \u00c4pfel f\u00e4rben sich fr\u00fcher als die anderen Elstar Mutanten. Ein Vorteil davon ist, dass der Elstar van der Grift\u00ae 5 bis 10 Tage fr\u00fcher geerntet werden kann&#8230;.<\/p>\n","protected":false},"author":1,"featured_media":21174,"parent":21993,"menu_order":0,"comment_status":"closed","ping_status":"closed","template":"","meta":{"om_disable_all_campaigns":false,"_monsterinsights_skip_tracking":false,"_monsterinsights_sitenote_active":false,"_monsterinsights_sitenote_note":"","_monsterinsights_sitenote_category":0,"footnotes":""},"class_list":["post-22085","page","type-page","status-publish","has-post-thumbnail","hentry"],"aioseo_notices":[],"_links":{"self":[{"href":"https:\/\/fruitboomkwekerijmorren.nl\/de\/wp-json\/wp\/v2\/pages\/22085","targetHints":{"allow":["GET"]}}],"collection":[{"href":"https:\/\/fruitboomkwekerijmorren.nl\/de\/wp-json\/wp\/v2\/pages"}],"about":[{"href":"https:\/\/fruitboomkwekerijmorren.nl\/de\/wp-json\/wp\/v2\/types\/page"}],"author":[{"embeddable":true,"href":"https:\/\/fruitboomkwekerijmorren.nl\/de\/wp-json\/wp\/v2\/users\/1"}],"replies":[{"embeddable":true,"href":"https:\/\/fruitboomkwekerijmorren.nl\/de\/wp-json\/wp\/v2\/comments?post=22085"}],"version-history":[{"count":13,"href":"https:\/\/fruitboomkwekerijmorren.nl\/de\/wp-json\/wp\/v2\/pages\/22085\/revisions"}],"predecessor-version":[{"id":22101,"href":"https:\/\/fruitboomkwekerijmorren.nl\/de\/wp-json\/wp\/v2\/pages\/22085\/revisions\/22101"}],"up":[{"embeddable":true,"href":"https:\/\/fruitboomkwekerijmorren.nl\/de\/wp-json\/wp\/v2\/pages\/21993"}],"wp:featuredmedia":[{"embeddable":true,"href":"https:\/\/fruitboomkwekerijmorren.nl\/de\/wp-json\/wp\/v2\/media\/21174"}],"wp:attachment":[{"href":"https:\/\/fruitboomkwekerijmorren.nl\/de\/wp-json\/wp\/v2\/media?parent=22085"}],"curies":[{"name":"wp","href":"https:\/\/api.w.org\/{rel}","templated":true}]}}