{"id":21997,"date":"2023-09-01T09:19:23","date_gmt":"2023-09-01T07:19:23","guid":{"rendered":"https:\/\/fruitboomkwekerijmorren.nl\/obstbaeume\/elstar-boerekamp-excellent-star\/"},"modified":"2023-10-12T14:49:02","modified_gmt":"2023-10-12T12:49:02","slug":"elstar-boerekamp-excellent-star","status":"publish","type":"page","link":"https:\/\/fruitboomkwekerijmorren.nl\/de\/obstbaeume\/elstar-boerekamp-excellent-star\/","title":{"rendered":"Elstar Boerekamp Excellent-Star\u00ae"},"content":{"rendered":"\t\t<div data-elementor-type=\"wp-page\" data-elementor-id=\"21997\" class=\"elementor elementor-21997 elementor-21058\">\n\t\t\t\t\t\t<div class=\"elementor-inner\">\n\t\t\t\t<div class=\"elementor-section-wrap\">\n\t\t\t\t\t\t\t\t\t<section class=\"elementor-section elementor-top-section elementor-element elementor-element-842c1fb elementor-section-boxed elementor-section-height-default elementor-section-height-default\" data-id=\"842c1fb\" data-element_type=\"section\">\n\t\t\t\t\t\t<div class=\"elementor-container elementor-column-gap-default\">\n\t\t\t\t\t\t\t<div class=\"elementor-row\">\n\t\t\t\t\t<div class=\"elementor-column elementor-col-33 elementor-top-column elementor-element elementor-element-8e6f929\" data-id=\"8e6f929\" data-element_type=\"column\">\n\t\t\t<div class=\"elementor-column-wrap elementor-element-populated\">\n\t\t\t\t\t\t\t<div class=\"elementor-widget-wrap\">\n\t\t\t\t\t\t<div class=\"elementor-element elementor-element-0e715c0 scroll-motion-no elementor-widget elementor-widget-agrarium_image\" data-id=\"0e715c0\" data-element_type=\"widget\" data-widget_type=\"agrarium_image.default\">\n\t\t\t\t<div class=\"elementor-widget-container\">\n\t\t\t        <div class=\"image-widget\">\n            <div class=\"image-container image-style-default\">\n                <img decoding=\"async\" class=\"main-image\" src=\"https:\/\/fruitboomkwekerijmorren.nl\/wp-content\/uploads\/2023\/08\/elstar-boerekamp-excellent-star.jpg\" alt=\"Elstar Boerekamp Excellent Star\u00ae\" \/>\n                            <\/div>\n        <\/div>\n        \t\t<\/div>\n\t\t\t\t<\/div>\n\t\t\t\t<div class=\"elementor-element elementor-element-188a40a elementor-widget elementor-widget-spacer\" data-id=\"188a40a\" data-element_type=\"widget\" data-widget_type=\"spacer.default\">\n\t\t\t\t<div class=\"elementor-widget-container\">\n\t\t\t<style>\/*! elementor - v3.14.0 - 26-06-2023 *\/\n.elementor-column .elementor-spacer-inner{height:var(--spacer-size)}.e-con{--container-widget-width:100%}.e-con-inner>.elementor-widget-spacer,.e-con>.elementor-widget-spacer{width:var(--container-widget-width,var(--spacer-size));--align-self:var(--container-widget-align-self,initial);--flex-shrink:0}.e-con-inner>.elementor-widget-spacer>.elementor-widget-container,.e-con-inner>.elementor-widget-spacer>.elementor-widget-container>.elementor-spacer,.e-con>.elementor-widget-spacer>.elementor-widget-container,.e-con>.elementor-widget-spacer>.elementor-widget-container>.elementor-spacer{height:100%}.e-con-inner>.elementor-widget-spacer>.elementor-widget-container>.elementor-spacer>.elementor-spacer-inner,.e-con>.elementor-widget-spacer>.elementor-widget-container>.elementor-spacer>.elementor-spacer-inner{height:var(--container-widget-height,var(--spacer-size))}<\/style>\t\t<div class=\"elementor-spacer\">\n\t\t\t<div class=\"elementor-spacer-inner\"><\/div>\n\t\t<\/div>\n\t\t\t\t<\/div>\n\t\t\t\t<\/div>\n\t\t\t\t\t\t<\/div>\n\t\t\t\t\t<\/div>\n\t\t<\/div>\n\t\t\t\t<div class=\"elementor-column elementor-col-66 elementor-top-column elementor-element elementor-element-0922f39\" data-id=\"0922f39\" data-element_type=\"column\">\n\t\t\t<div class=\"elementor-column-wrap elementor-element-populated\">\n\t\t\t\t\t\t\t<div class=\"elementor-widget-wrap\">\n\t\t\t\t\t\t<div class=\"elementor-element elementor-element-54ffc48 elementor-widget elementor-widget-agrarium_heading\" data-id=\"54ffc48\" data-element_type=\"widget\" data-widget_type=\"agrarium_heading.default\">\n\t\t\t\t<div class=\"elementor-widget-container\">\n\t\t\t<div class=\"agrarium-heading-widget\"><h2 class=\"agrarium-heading\"><span class=\"agrarium-subheading\">Malus domestica Elstar Boerekamp Excellent Star\u00ae<\/span><span class=\"agrarium-heading-content\">Elstar Boerekamp Excellent-Star\u00ae<\/span><\/h2><\/div>\t\t<\/div>\n\t\t\t\t<\/div>\n\t\t\t\t<div class=\"elementor-element elementor-element-70d359f elementor-widget elementor-widget-spacer\" data-id=\"70d359f\" data-element_type=\"widget\" data-widget_type=\"spacer.default\">\n\t\t\t\t<div class=\"elementor-widget-container\">\n\t\t\t\t\t<div class=\"elementor-spacer\">\n\t\t\t<div class=\"elementor-spacer-inner\"><\/div>\n\t\t<\/div>\n\t\t\t\t<\/div>\n\t\t\t\t<\/div>\n\t\t\t\t<div class=\"elementor-element elementor-element-d89fece elementor-widget elementor-widget-text-editor\" data-id=\"d89fece\" data-element_type=\"widget\" data-widget_type=\"text-editor.default\">\n\t\t\t\t<div class=\"elementor-widget-container\">\n\t\t\t<style>\/*! elementor - v3.14.0 - 26-06-2023 *\/\n.elementor-widget-text-editor.elementor-drop-cap-view-stacked .elementor-drop-cap{background-color:#69727d;color:#fff}.elementor-widget-text-editor.elementor-drop-cap-view-framed .elementor-drop-cap{color:#69727d;border:3px solid;background-color:transparent}.elementor-widget-text-editor:not(.elementor-drop-cap-view-default) .elementor-drop-cap{margin-top:8px}.elementor-widget-text-editor:not(.elementor-drop-cap-view-default) .elementor-drop-cap-letter{width:1em;height:1em}.elementor-widget-text-editor .elementor-drop-cap{float:left;text-align:center;line-height:1;font-size:50px}.elementor-widget-text-editor .elementor-drop-cap-letter{display:inline-block}<\/style>\t\t\t\t\t<div class=\"elementor-text-editor elementor-clearfix\">\n\t\t\t\t<p>Der Elstar Boerekamp Excellent-Star\u00ae wurde 1986 von W.L.A. Boerekamp in Someren gefunden. Die meisten Excellent Star\u00ae-\u00c4pfel k\u00f6nnen in einem Zug gepfl\u00fcckt werden. Der Apfel ist fest und gut lagerf\u00e4hig.<\/p>\n<table border=\"0\">\n<tbody>\n<tr>\n<td><strong><em>Mutant von<\/em><\/strong><\/td>\n<td>Der \u201eExcellent-Star\u00ae\u201c ist eine Farbmutante des Elstar.<\/td>\n<\/tr>\n<tr>\n<td><strong><em>Herkunft<\/em><\/strong><\/td>\n<td>Gefunden von W.L.A. Boerekamp in Someren (1986).<\/td>\n<\/tr>\n<tr>\n<td><strong><em>Wachstum<\/em><\/strong><\/td>\n<td>Kr\u00e4ftig mit starkem Kopfwachstum; Der Wuchs ist leicht buschig.<\/td>\n<\/tr>\n<tr>\n<td><strong><em>Bl\u00fcte<\/em><\/strong><\/td>\n<td>Mittesp\u00e4t; Pollen von guter Qualit\u00e4t. Etwas selbsttolerant, aber Fremdbest\u00e4ubung ist w\u00fcnschenswert.<\/td>\n<\/tr>\n<tr>\n<td><strong><em>Produktion<\/em><\/strong><\/td>\n<td>Fr\u00fch und gut. M\u00e4\u00dfig bis stark empfindlich f\u00fcr Alternanz; Fruchtausd\u00fcnnung ist notwendig.<\/td>\n<\/tr>\n<tr>\n<td><strong><em>Erntezeit<\/em><\/strong><\/td>\n<td>Ab Anfang September; Rund 85 % der Elstar Excellent-Star\u00ae-\u00c4pfel k\u00f6nnen auf einmal gepfl\u00fcckt werden.<\/td>\n<\/tr>\n<tr>\n<td><strong><em>Aussehen<\/em><\/strong><\/td>\n<td>Regelm\u00e4\u00dfig geformte Fr\u00fcchte.<\/td>\n<\/tr>\n<tr>\n<td><strong><em>Qualit\u00e4t<\/em><\/strong><\/td>\n<td>Der Elstar Excellent Star\u00ae hat festes, saftiges, cremewei\u00dfes Fruchtfleisch. Die Frucht ist h\u00e4rter als die des Standard-Elstars.<\/td>\n<\/tr>\n<tr>\n<td><strong><em>Lagerung<\/em><\/strong><\/td>\n<td>\n<p align=\"LEFT\">Im K\u00fchllager bis Mitte Dezember, unter ULO-Bedingungen bis Ende April. Das Shelf life ist recht gut.<\/p>\n<\/td>\n<\/tr>\n<tr>\n<td><strong><em>Besonderheiten<\/em><\/strong><\/td>\n<td>Der \u201eExcellent-Star\u00ae\u201c ist h\u00e4rter als der Standard-Elstar. Der Apfel bleibt rot und wird nicht fettig.<\/td>\n<\/tr>\n<\/tbody>\n<\/table>\n\t\t\t\t\t<\/div>\n\t\t\t\t\t\t<\/div>\n\t\t\t\t<\/div>\n\t\t\t\t<div class=\"elementor-element elementor-element-d6ea762 elementor-widget elementor-widget-spacer\" data-id=\"d6ea762\" data-element_type=\"widget\" data-widget_type=\"spacer.default\">\n\t\t\t\t<div class=\"elementor-widget-container\">\n\t\t\t\t\t<div class=\"elementor-spacer\">\n\t\t\t<div class=\"elementor-spacer-inner\"><\/div>\n\t\t<\/div>\n\t\t\t\t<\/div>\n\t\t\t\t<\/div>\n\t\t\t\t<div class=\"elementor-element elementor-element-8bbd46e elementor-widget elementor-widget-agrarium_button\" data-id=\"8bbd46e\" data-element_type=\"widget\" data-widget_type=\"agrarium_button.default\">\n\t\t\t\t<div class=\"elementor-widget-container\">\n\t\t\t\n        <div class=\"button-widget\">\n            <div class=\"button-container\">\n                <a class=\"agrarium-button\" href=\"\/de\/obstbaeume\" >&lt; \u00dcbersicht<\/a>\n            <\/div>\n        <\/div>\n        \t\t<\/div>\n\t\t\t\t<\/div>\n\t\t\t\t\t\t<\/div>\n\t\t\t\t\t<\/div>\n\t\t<\/div>\n\t\t\t\t\t\t\t\t<\/div>\n\t\t\t\t\t<\/div>\n\t\t<\/section>\n\t\t\t\t<section class=\"elementor-section elementor-top-section elementor-element elementor-element-8261e62 elementor-section-boxed elementor-section-height-default elementor-section-height-default\" data-id=\"8261e62\" data-element_type=\"section\">\n\t\t\t\t\t\t<div class=\"elementor-container elementor-column-gap-default\">\n\t\t\t\t\t\t\t<div class=\"elementor-row\">\n\t\t\t\t\t<div class=\"elementor-column elementor-col-100 elementor-top-column elementor-element elementor-element-beb6801\" data-id=\"beb6801\" data-element_type=\"column\">\n\t\t\t<div class=\"elementor-column-wrap elementor-element-populated\">\n\t\t\t\t\t\t\t<div class=\"elementor-widget-wrap\">\n\t\t\t\t\t\t<div class=\"elementor-element elementor-element-07d765a elementor-widget elementor-widget-text-editor\" data-id=\"07d765a\" data-element_type=\"widget\" data-widget_type=\"text-editor.default\">\n\t\t\t\t<div class=\"elementor-widget-container\">\n\t\t\t\t\t\t\t\t<div class=\"elementor-text-editor elementor-clearfix\">\n\t\t\t\t<h5 style=\"text-align: center;\"><span style=\"color: #7cb306;\">Gesunde und zertifizierte Elstar Boerekamp Excellent-Star\u00ae-B\u00e4ume.<\/span><\/h5>\n<p style=\"text-align: center;\">Suchen Sie Elstar Excellent Star\u00ae-B\u00e4ume f\u00fcr Ihre Neue Obstanlage? Fragen Sie unverbindlich nach der Verf\u00fcgbarkeit von niederl\u00e4ndischem Boden.<\/p>\n\t\t\t\t\t<\/div>\n\t\t\t\t\t\t<\/div>\n\t\t\t\t<\/div>\n\t\t\t\t<div class=\"elementor-element elementor-element-3a207c8 elementor-widget elementor-widget-spacer\" data-id=\"3a207c8\" data-element_type=\"widget\" data-widget_type=\"spacer.default\">\n\t\t\t\t<div class=\"elementor-widget-container\">\n\t\t\t\t\t<div class=\"elementor-spacer\">\n\t\t\t<div class=\"elementor-spacer-inner\"><\/div>\n\t\t<\/div>\n\t\t\t\t<\/div>\n\t\t\t\t<\/div>\n\t\t\t\t<div class=\"elementor-element elementor-element-d84ebfd elementor-widget elementor-widget-agrarium_button\" data-id=\"d84ebfd\" data-element_type=\"widget\" data-widget_type=\"agrarium_button.default\">\n\t\t\t\t<div class=\"elementor-widget-container\">\n\t\t\t\n        <div class=\"button-widget\">\n            <div class=\"button-container\">\n                <a class=\"agrarium-button\" href=\"\/de\/kontakt\" >Mehr Infos &gt;<\/a>\n            <\/div>\n        <\/div>\n        \t\t<\/div>\n\t\t\t\t<\/div>\n\t\t\t\t\t\t<\/div>\n\t\t\t\t\t<\/div>\n\t\t<\/div>\n\t\t\t\t\t\t\t\t<\/div>\n\t\t\t\t\t<\/div>\n\t\t<\/section>\n\t\t\t\t\t\t\t\t\t<\/div>\n\t\t\t<\/div>\n\t\t\t\t\t<\/div>\n\t\t","protected":false},"excerpt":{"rendered":"<p>Der Elstar Boerekamp Excellent-Star\u00ae wurde 1986 von W.L.A. Boerekamp in Someren gefunden. Die meisten Excellent Star\u00ae-\u00c4pfel k\u00f6nnen in einem Zug gepfl\u00fcckt werden. Der Apfel ist fest und gut lagerf\u00e4hig. Mutant von Der \u201eExcellent-Star\u00ae\u201c ist eine Farbmutante des Elstar. Herkunft Gefunden von&#8230;<\/p>\n","protected":false},"author":1,"featured_media":20995,"parent":21993,"menu_order":0,"comment_status":"closed","ping_status":"closed","template":"","meta":{"om_disable_all_campaigns":false,"_monsterinsights_skip_tracking":false,"_monsterinsights_sitenote_active":false,"_monsterinsights_sitenote_note":"","_monsterinsights_sitenote_category":0,"footnotes":""},"class_list":["post-21997","page","type-page","status-publish","has-post-thumbnail","hentry"],"aioseo_notices":[],"_links":{"self":[{"href":"https:\/\/fruitboomkwekerijmorren.nl\/de\/wp-json\/wp\/v2\/pages\/21997","targetHints":{"allow":["GET"]}}],"collection":[{"href":"https:\/\/fruitboomkwekerijmorren.nl\/de\/wp-json\/wp\/v2\/pages"}],"about":[{"href":"https:\/\/fruitboomkwekerijmorren.nl\/de\/wp-json\/wp\/v2\/types\/page"}],"author":[{"embeddable":true,"href":"https:\/\/fruitboomkwekerijmorren.nl\/de\/wp-json\/wp\/v2\/users\/1"}],"replies":[{"embeddable":true,"href":"https:\/\/fruitboomkwekerijmorren.nl\/de\/wp-json\/wp\/v2\/comments?post=21997"}],"version-history":[{"count":4,"href":"https:\/\/fruitboomkwekerijmorren.nl\/de\/wp-json\/wp\/v2\/pages\/21997\/revisions"}],"predecessor-version":[{"id":22019,"href":"https:\/\/fruitboomkwekerijmorren.nl\/de\/wp-json\/wp\/v2\/pages\/21997\/revisions\/22019"}],"up":[{"embeddable":true,"href":"https:\/\/fruitboomkwekerijmorren.nl\/de\/wp-json\/wp\/v2\/pages\/21993"}],"wp:featuredmedia":[{"embeddable":true,"href":"https:\/\/fruitboomkwekerijmorren.nl\/de\/wp-json\/wp\/v2\/media\/20995"}],"wp:attachment":[{"href":"https:\/\/fruitboomkwekerijmorren.nl\/de\/wp-json\/wp\/v2\/media?parent=21997"}],"curies":[{"name":"wp","href":"https:\/\/api.w.org\/{rel}","templated":true}]}}