{"id":21995,"date":"2023-09-01T09:41:53","date_gmt":"2023-09-01T07:41:53","guid":{"rendered":"https:\/\/fruitboomkwekerijmorren.nl\/obstbaeume\/wiltons-star-red-jonaprince-select\/"},"modified":"2023-10-12T14:59:34","modified_gmt":"2023-10-12T12:59:34","slug":"wiltons-star-red-jonaprince-select","status":"publish","type":"page","link":"https:\/\/fruitboomkwekerijmorren.nl\/de\/obstbaeume\/wiltons-star-red-jonaprince-select\/","title":{"rendered":"\u2018Wiltons Star\u2019 Red Jonaprince Select\u00ae"},"content":{"rendered":"\t\t<div data-elementor-type=\"wp-page\" data-elementor-id=\"21995\" class=\"elementor elementor-21995 elementor-21078\">\n\t\t\t\t\t\t<div class=\"elementor-inner\">\n\t\t\t\t<div class=\"elementor-section-wrap\">\n\t\t\t\t\t\t\t\t\t<section class=\"elementor-section elementor-top-section elementor-element elementor-element-e0c0139 elementor-section-boxed elementor-section-height-default elementor-section-height-default\" data-id=\"e0c0139\" data-element_type=\"section\">\n\t\t\t\t\t\t<div class=\"elementor-container elementor-column-gap-default\">\n\t\t\t\t\t\t\t<div class=\"elementor-row\">\n\t\t\t\t\t<div class=\"elementor-column elementor-col-33 elementor-top-column elementor-element elementor-element-e7ef982\" data-id=\"e7ef982\" data-element_type=\"column\">\n\t\t\t<div class=\"elementor-column-wrap elementor-element-populated\">\n\t\t\t\t\t\t\t<div class=\"elementor-widget-wrap\">\n\t\t\t\t\t\t<div class=\"elementor-element elementor-element-abca0ea scroll-motion-no elementor-widget elementor-widget-agrarium_image\" data-id=\"abca0ea\" data-element_type=\"widget\" data-widget_type=\"agrarium_image.default\">\n\t\t\t\t<div class=\"elementor-widget-container\">\n\t\t\t        <div class=\"image-widget\">\n            <div class=\"image-container image-style-default\">\n                <img decoding=\"async\" class=\"main-image\" src=\"https:\/\/fruitboomkwekerijmorren.nl\/wp-content\/uploads\/2023\/08\/wiltons-star-red-jonaprince-select.jpg\" alt=\"Wiltons Star Red Jonaprince Select\u00ae\" \/>\n                            <\/div>\n        <\/div>\n        \t\t<\/div>\n\t\t\t\t<\/div>\n\t\t\t\t<div class=\"elementor-element elementor-element-ea51019 elementor-widget elementor-widget-spacer\" data-id=\"ea51019\" data-element_type=\"widget\" data-widget_type=\"spacer.default\">\n\t\t\t\t<div class=\"elementor-widget-container\">\n\t\t\t<style>\/*! elementor - v3.14.0 - 26-06-2023 *\/\n.elementor-column .elementor-spacer-inner{height:var(--spacer-size)}.e-con{--container-widget-width:100%}.e-con-inner>.elementor-widget-spacer,.e-con>.elementor-widget-spacer{width:var(--container-widget-width,var(--spacer-size));--align-self:var(--container-widget-align-self,initial);--flex-shrink:0}.e-con-inner>.elementor-widget-spacer>.elementor-widget-container,.e-con-inner>.elementor-widget-spacer>.elementor-widget-container>.elementor-spacer,.e-con>.elementor-widget-spacer>.elementor-widget-container,.e-con>.elementor-widget-spacer>.elementor-widget-container>.elementor-spacer{height:100%}.e-con-inner>.elementor-widget-spacer>.elementor-widget-container>.elementor-spacer>.elementor-spacer-inner,.e-con>.elementor-widget-spacer>.elementor-widget-container>.elementor-spacer>.elementor-spacer-inner{height:var(--container-widget-height,var(--spacer-size))}<\/style>\t\t<div class=\"elementor-spacer\">\n\t\t\t<div class=\"elementor-spacer-inner\"><\/div>\n\t\t<\/div>\n\t\t\t\t<\/div>\n\t\t\t\t<\/div>\n\t\t\t\t\t\t<\/div>\n\t\t\t\t\t<\/div>\n\t\t<\/div>\n\t\t\t\t<div class=\"elementor-column elementor-col-66 elementor-top-column elementor-element elementor-element-fc6a9db\" data-id=\"fc6a9db\" data-element_type=\"column\">\n\t\t\t<div class=\"elementor-column-wrap elementor-element-populated\">\n\t\t\t\t\t\t\t<div class=\"elementor-widget-wrap\">\n\t\t\t\t\t\t<div class=\"elementor-element elementor-element-0cfaa28 elementor-widget elementor-widget-agrarium_heading\" data-id=\"0cfaa28\" data-element_type=\"widget\" data-widget_type=\"agrarium_heading.default\">\n\t\t\t\t<div class=\"elementor-widget-container\">\n\t\t\t<div class=\"agrarium-heading-widget\"><h2 class=\"agrarium-heading\"><span class=\"agrarium-subheading\">Malus domestica Jonagold &#039;Wiltons Star&#039;<\/span><span class=\"agrarium-heading-content\">\u2018Wiltons Star\u2019 Red Jonaprince Select\u00ae<\/span><\/h2><\/div>\t\t<\/div>\n\t\t\t\t<\/div>\n\t\t\t\t<div class=\"elementor-element elementor-element-c84721a elementor-widget elementor-widget-spacer\" data-id=\"c84721a\" data-element_type=\"widget\" data-widget_type=\"spacer.default\">\n\t\t\t\t<div class=\"elementor-widget-container\">\n\t\t\t\t\t<div class=\"elementor-spacer\">\n\t\t\t<div class=\"elementor-spacer-inner\"><\/div>\n\t\t<\/div>\n\t\t\t\t<\/div>\n\t\t\t\t<\/div>\n\t\t\t\t<div class=\"elementor-element elementor-element-e953a15 elementor-widget elementor-widget-text-editor\" data-id=\"e953a15\" data-element_type=\"widget\" data-widget_type=\"text-editor.default\">\n\t\t\t\t<div class=\"elementor-widget-container\">\n\t\t\t<style>\/*! elementor - v3.14.0 - 26-06-2023 *\/\n.elementor-widget-text-editor.elementor-drop-cap-view-stacked .elementor-drop-cap{background-color:#69727d;color:#fff}.elementor-widget-text-editor.elementor-drop-cap-view-framed .elementor-drop-cap{color:#69727d;border:3px solid;background-color:transparent}.elementor-widget-text-editor:not(.elementor-drop-cap-view-default) .elementor-drop-cap{margin-top:8px}.elementor-widget-text-editor:not(.elementor-drop-cap-view-default) .elementor-drop-cap-letter{width:1em;height:1em}.elementor-widget-text-editor .elementor-drop-cap{float:left;text-align:center;line-height:1;font-size:50px}.elementor-widget-text-editor .elementor-drop-cap-letter{display:inline-block}<\/style>\t\t\t\t\t<div class=\"elementor-text-editor elementor-clearfix\">\n\t\t\t\t<p>Der \u201eWiltons Star\u201c Red Jonaprince Select\u00ae, auch bekannt als Jonagold Red Prince, ist eine mutierte und verbesserte Version des Red Jonaprince. Die Fr\u00fcchte des Red Jonaprince Select\u00ae f\u00e4rben sich gleichm\u00e4\u00dfiger und intensiver dunkelrot, auch in der Basis des Baumes. Unter ULO-Bedingungen ist eine lange Lagerung bis Ende Juli m\u00f6glich. Der Red Jonaprince Select\u00ae zeichnet sich durch eine hohe Produktivit\u00e4t aus. Dies kann mit relativ geringem Aufwand erreicht werden.<\/p>\n<table>\n<tbody>\n<tr>\n<td>\n<p><strong><em>Mutant von<\/em><\/strong><\/p>\n<\/td>\n<td>\n<p>Der Wiltons Star Red Jonaprince Select\u00ae ist eine Mutante und Verbesserung des Wilton&#8217;s Red Jonaprince.<\/p>\n<\/td>\n<\/tr>\n<tr>\n<td>\n<p><strong><em>Herkunft<\/em><\/strong><\/p>\n<\/td>\n<td>\n<p>In 1994 von den Princen-Br\u00fcdern in Weert, Niederlande, gefunden.<\/p>\n<\/td>\n<\/tr>\n<tr>\n<td>\n<p><strong><em>Wachstum<\/em><\/strong><\/p>\n<\/td>\n<td>\n<p>Der Red Jonaprince Select\u00ae w\u00e4chst in den ersten Jahren recht stark und wird dann ruhiger. Der Red Prince hat eine sch\u00f6ne horizontale Ast-einsatz.<\/p>\n<\/td>\n<\/tr>\n<tr>\n<td>\n<p><strong><em>Bl\u00fcte<\/em><\/strong><\/p>\n<\/td>\n<td>\n<p>Die Wiltons Star Red Jonaprince bl\u00fcht mittel bis sp\u00e4t und geh\u00f6rt zu den triploiden Sorten. Etwas selbsttolerant, aber Fremdbest\u00e4ubung ist w\u00fcnschenswert.<\/p>\n<\/td>\n<\/tr>\n<tr>\n<td>\n<p><strong><em>Produktion<\/em><\/strong><\/p>\n<\/td>\n<td>\n<p>Die Produktion dieser Jonagold-Mutante erfolgt fr\u00fch, regelm\u00e4\u00dfig und sehr gut. Der Wiltons Star Red Jonaprince Select\u00ae ist wenig empfindlich f\u00fcr Alternanz.<\/p>\n<\/td>\n<\/tr>\n<tr>\n<td>\n<p><strong><em>Erntezeit<\/em><\/strong><\/p>\n<\/td>\n<td>\n<p>Erntezeit ab dritter Woche\/Ende September. Aufgrund der guten F\u00e4rbung kann der Red Jonaprince Select\u00ae in der Regel zweimal gepfl\u00fcckt werden. Junge Anlagen geht in Einmal.<\/p>\n<\/td>\n<\/tr>\n<tr>\n<td>\n<p><strong><em>Aussehen<\/em><\/strong><\/p>\n<\/td>\n<td>\n<p>Vollst\u00e4ndig rot gef\u00e4rbte und gro\u00dfe Fr\u00fcchte. Zwischen 70 und 90 % liegen in der Gr\u00f6\u00dfenklasse 75 bis 85 mm. Im Vergleich zum Standard-Red Jonaprince sorgt Red Jonaprince Select\u00ae f\u00fcr eine bessere Farbe im gesamten Baum.<\/p>\n<\/td>\n<\/tr>\n<tr>\n<td>\n<p><strong><em>Qualit\u00e4t<\/em><\/strong><\/p>\n<\/td>\n<td>\n<p>Die \u00c4pfel des Red Jonaprince Select\u00ae haben eine gute H\u00e4rte. Aufgrund des guten S\u00fc\u00df-S\u00e4ure-Verh\u00e4ltnisses ist es ein schmackhafter, saftiger Apfel.<\/p>\n<\/td>\n<\/tr>\n<tr>\n<td>\n<p><strong><em>Lagerung<\/em><\/strong><\/p>\n<\/td>\n<td>\n<p>Unter ULO-Bedingungen kann der Wiltons Star Red Jonaprince Select\u00ae bis Ende August gelagert werden.<\/p>\n<\/td>\n<\/tr>\n<tr>\n<td>\n<p><strong><em>Besonderheiten<\/em><\/strong><\/p>\n<\/td>\n<td>\n<p>Ein gut gef\u00e4rbter, tiefroter Jonagold. Sehr produktiv zu einem relativ niedrigen Selbstkostenpreis.<\/p>\n<\/td>\n<\/tr>\n<\/tbody>\n<\/table>\n\t\t\t\t\t<\/div>\n\t\t\t\t\t\t<\/div>\n\t\t\t\t<\/div>\n\t\t\t\t<div class=\"elementor-element elementor-element-249eac1 elementor-widget elementor-widget-spacer\" data-id=\"249eac1\" data-element_type=\"widget\" data-widget_type=\"spacer.default\">\n\t\t\t\t<div class=\"elementor-widget-container\">\n\t\t\t\t\t<div class=\"elementor-spacer\">\n\t\t\t<div class=\"elementor-spacer-inner\"><\/div>\n\t\t<\/div>\n\t\t\t\t<\/div>\n\t\t\t\t<\/div>\n\t\t\t\t<div class=\"elementor-element elementor-element-437dfc9 elementor-widget elementor-widget-agrarium_button\" data-id=\"437dfc9\" data-element_type=\"widget\" data-widget_type=\"agrarium_button.default\">\n\t\t\t\t<div class=\"elementor-widget-container\">\n\t\t\t\n        <div class=\"button-widget\">\n            <div class=\"button-container\">\n                <a class=\"agrarium-button\" href=\"\/de\/obstbaeume\" >&lt; \u00dcbersicht<\/a>\n            <\/div>\n        <\/div>\n        \t\t<\/div>\n\t\t\t\t<\/div>\n\t\t\t\t\t\t<\/div>\n\t\t\t\t\t<\/div>\n\t\t<\/div>\n\t\t\t\t\t\t\t\t<\/div>\n\t\t\t\t\t<\/div>\n\t\t<\/section>\n\t\t\t\t<section class=\"elementor-section elementor-top-section elementor-element elementor-element-8f652e0 elementor-section-boxed elementor-section-height-default elementor-section-height-default\" data-id=\"8f652e0\" data-element_type=\"section\">\n\t\t\t\t\t\t<div class=\"elementor-container elementor-column-gap-default\">\n\t\t\t\t\t\t\t<div class=\"elementor-row\">\n\t\t\t\t\t<div class=\"elementor-column elementor-col-100 elementor-top-column elementor-element elementor-element-121838a\" data-id=\"121838a\" data-element_type=\"column\">\n\t\t\t<div class=\"elementor-column-wrap elementor-element-populated\">\n\t\t\t\t\t\t\t<div class=\"elementor-widget-wrap\">\n\t\t\t\t\t\t<div class=\"elementor-element elementor-element-981cee0 elementor-widget elementor-widget-text-editor\" data-id=\"981cee0\" data-element_type=\"widget\" data-widget_type=\"text-editor.default\">\n\t\t\t\t<div class=\"elementor-widget-container\">\n\t\t\t\t\t\t\t\t<div class=\"elementor-text-editor elementor-clearfix\">\n\t\t\t\t<h5 style=\"text-align: center;\"><span style=\"color: #7cb306;\">Gesunde und zertifizierte B\u00e4ume<\/span><\/h5>\n<p style=\"text-align: center;\">Suchen Sie nach in den Niederlanden angebauten \u201eWiltons Star\u201c Red Jonaprince Select\u00ae-Obstb\u00e4umen? Dann haben Sie den richtigen Baumschule gefunden. <\/p>\n\t\t\t\t\t<\/div>\n\t\t\t\t\t\t<\/div>\n\t\t\t\t<\/div>\n\t\t\t\t<div class=\"elementor-element elementor-element-e54cb7c elementor-widget elementor-widget-spacer\" data-id=\"e54cb7c\" data-element_type=\"widget\" data-widget_type=\"spacer.default\">\n\t\t\t\t<div class=\"elementor-widget-container\">\n\t\t\t\t\t<div class=\"elementor-spacer\">\n\t\t\t<div class=\"elementor-spacer-inner\"><\/div>\n\t\t<\/div>\n\t\t\t\t<\/div>\n\t\t\t\t<\/div>\n\t\t\t\t<div class=\"elementor-element elementor-element-469b5fc elementor-widget elementor-widget-agrarium_button\" data-id=\"469b5fc\" data-element_type=\"widget\" data-widget_type=\"agrarium_button.default\">\n\t\t\t\t<div class=\"elementor-widget-container\">\n\t\t\t\n        <div class=\"button-widget\">\n            <div class=\"button-container\">\n                <a class=\"agrarium-button\" href=\"\/de\/kontakt\" >Mehr Infos &gt;<\/a>\n            <\/div>\n        <\/div>\n        \t\t<\/div>\n\t\t\t\t<\/div>\n\t\t\t\t\t\t<\/div>\n\t\t\t\t\t<\/div>\n\t\t<\/div>\n\t\t\t\t\t\t\t\t<\/div>\n\t\t\t\t\t<\/div>\n\t\t<\/section>\n\t\t\t\t\t\t\t\t\t<\/div>\n\t\t\t<\/div>\n\t\t\t\t\t<\/div>\n\t\t","protected":false},"excerpt":{"rendered":"<p>Der \u201eWiltons Star\u201c Red Jonaprince Select\u00ae, auch bekannt als Jonagold Red Prince, ist eine mutierte und verbesserte Version des Red Jonaprince. Die Fr\u00fcchte des Red Jonaprince Select\u00ae f\u00e4rben sich gleichm\u00e4\u00dfiger und intensiver dunkelrot, auch in der Basis des Baumes. Unter ULO-Bedingungen&#8230;<\/p>\n","protected":false},"author":1,"featured_media":21037,"parent":21993,"menu_order":0,"comment_status":"closed","ping_status":"closed","template":"","meta":{"om_disable_all_campaigns":false,"_monsterinsights_skip_tracking":false,"_monsterinsights_sitenote_active":false,"_monsterinsights_sitenote_note":"","_monsterinsights_sitenote_category":0,"footnotes":""},"class_list":["post-21995","page","type-page","status-publish","has-post-thumbnail","hentry"],"aioseo_notices":[],"_links":{"self":[{"href":"https:\/\/fruitboomkwekerijmorren.nl\/de\/wp-json\/wp\/v2\/pages\/21995","targetHints":{"allow":["GET"]}}],"collection":[{"href":"https:\/\/fruitboomkwekerijmorren.nl\/de\/wp-json\/wp\/v2\/pages"}],"about":[{"href":"https:\/\/fruitboomkwekerijmorren.nl\/de\/wp-json\/wp\/v2\/types\/page"}],"author":[{"embeddable":true,"href":"https:\/\/fruitboomkwekerijmorren.nl\/de\/wp-json\/wp\/v2\/users\/1"}],"replies":[{"embeddable":true,"href":"https:\/\/fruitboomkwekerijmorren.nl\/de\/wp-json\/wp\/v2\/comments?post=21995"}],"version-history":[{"count":7,"href":"https:\/\/fruitboomkwekerijmorren.nl\/de\/wp-json\/wp\/v2\/pages\/21995\/revisions"}],"predecessor-version":[{"id":22022,"href":"https:\/\/fruitboomkwekerijmorren.nl\/de\/wp-json\/wp\/v2\/pages\/21995\/revisions\/22022"}],"up":[{"embeddable":true,"href":"https:\/\/fruitboomkwekerijmorren.nl\/de\/wp-json\/wp\/v2\/pages\/21993"}],"wp:featuredmedia":[{"embeddable":true,"href":"https:\/\/fruitboomkwekerijmorren.nl\/de\/wp-json\/wp\/v2\/media\/21037"}],"wp:attachment":[{"href":"https:\/\/fruitboomkwekerijmorren.nl\/de\/wp-json\/wp\/v2\/media?parent=21995"}],"curies":[{"name":"wp","href":"https:\/\/api.w.org\/{rel}","templated":true}]}}