{"id":21991,"date":"2021-04-19T13:49:28","date_gmt":"2021-04-19T11:49:28","guid":{"rendered":"https:\/\/fruitboomkwekerijmorren.nl\/ueber-uns\/"},"modified":"2023-10-12T14:45:01","modified_gmt":"2023-10-12T12:45:01","slug":"ueber-uns","status":"publish","type":"page","link":"https:\/\/fruitboomkwekerijmorren.nl\/de\/ueber-uns\/","title":{"rendered":"\u00dcber uns"},"content":{"rendered":"\t\t<div data-elementor-type=\"wp-page\" data-elementor-id=\"21991\" class=\"elementor elementor-21991 elementor-172\">\n\t\t\t\t\t\t<div class=\"elementor-inner\">\n\t\t\t\t<div class=\"elementor-section-wrap\">\n\t\t\t\t\t\t\t\t\t<section class=\"elementor-section elementor-top-section elementor-element elementor-element-1e2a589 elementor-section-stretched elementor-section-boxed elementor-section-height-default elementor-section-height-default\" data-id=\"1e2a589\" data-element_type=\"section\" data-settings=\"{&quot;stretch_section&quot;:&quot;section-stretched&quot;,&quot;background_background&quot;:&quot;classic&quot;}\">\n\t\t\t\t\t\t<div class=\"elementor-container elementor-column-gap-default\">\n\t\t\t\t\t\t\t<div class=\"elementor-row\">\n\t\t\t\t\t<div class=\"elementor-column elementor-col-100 elementor-top-column elementor-element elementor-element-4caaa5b\" data-id=\"4caaa5b\" data-element_type=\"column\" data-settings=\"{&quot;background_background&quot;:&quot;classic&quot;}\">\n\t\t\t<div class=\"elementor-column-wrap elementor-element-populated\">\n\t\t\t\t\t\t\t<div class=\"elementor-widget-wrap\">\n\t\t\t\t\t\t<section class=\"elementor-section elementor-inner-section elementor-element elementor-element-629cc83 elementor-section-boxed elementor-section-height-default elementor-section-height-default\" data-id=\"629cc83\" data-element_type=\"section\">\n\t\t\t\t\t\t<div class=\"elementor-container elementor-column-gap-default\">\n\t\t\t\t\t\t\t<div class=\"elementor-row\">\n\t\t\t\t\t<div class=\"elementor-column elementor-col-50 elementor-inner-column elementor-element elementor-element-07287f3\" data-id=\"07287f3\" data-element_type=\"column\" data-settings=\"{&quot;background_background&quot;:&quot;classic&quot;}\">\n\t\t\t<div class=\"elementor-column-wrap elementor-element-populated\">\n\t\t\t\t\t\t\t<div class=\"elementor-widget-wrap\">\n\t\t\t\t\t\t<div class=\"elementor-element elementor-element-2c6fe86 elementor-widget elementor-widget-agrarium_heading\" data-id=\"2c6fe86\" data-element_type=\"widget\" data-widget_type=\"agrarium_heading.default\">\n\t\t\t\t<div class=\"elementor-widget-container\">\n\t\t\t<div class=\"agrarium-heading-widget\"><h2 class=\"agrarium-heading\"><span class=\"agrarium-subheading\">\u00dcber uns<\/span><span class=\"agrarium-heading-content\">Unterlagen und Obstb\u00e4ume von fruchtbaren Lehmboden<\/span><\/h2><\/div>\t\t<\/div>\n\t\t\t\t<\/div>\n\t\t\t\t<div class=\"elementor-element elementor-element-b0ca393 elementor-widget elementor-widget-text-editor\" data-id=\"b0ca393\" data-element_type=\"widget\" data-widget_type=\"text-editor.default\">\n\t\t\t\t<div class=\"elementor-widget-container\">\n\t\t\t<style>\/*! elementor - v3.14.0 - 26-06-2023 *\/\n.elementor-widget-text-editor.elementor-drop-cap-view-stacked .elementor-drop-cap{background-color:#69727d;color:#fff}.elementor-widget-text-editor.elementor-drop-cap-view-framed .elementor-drop-cap{color:#69727d;border:3px solid;background-color:transparent}.elementor-widget-text-editor:not(.elementor-drop-cap-view-default) .elementor-drop-cap{margin-top:8px}.elementor-widget-text-editor:not(.elementor-drop-cap-view-default) .elementor-drop-cap-letter{width:1em;height:1em}.elementor-widget-text-editor .elementor-drop-cap{float:left;text-align:center;line-height:1;font-size:50px}.elementor-widget-text-editor .elementor-drop-cap-letter{display:inline-block}<\/style>\t\t\t\t\t<div class=\"elementor-text-editor elementor-clearfix\">\n\t\t\t\t<p><span style=\"letter-spacing: 0em;\">Ende der 1980er Jahre gr\u00fcndete Jan Morren in Flevoland die Obstbaumschule Morren. Das Unternehmen verf\u00fcgt derzeit \u00fcber 50 Hektar Unterlagen und Obstb\u00e4ume. Auf dem fruchtbaren Lehmboden des (ehemaligen) IJsselmeeres z\u00fcchten wir hochwertige Obstb\u00e4ume.<\/span><\/p>\n<p><span style=\"letter-spacing: 0em;\">Unsere Strategie zielt auf die Produktion eines qualitativ hochwertigen Obstbaums und ein hohes Ma\u00df an Kundenorientierung ab. Wir produzieren Ihren Baum ganz nach Ihren W\u00fcnschen! <\/span><\/p>\n<p><strong>Team Obstbaumschule Morren<\/strong><\/p>\n<p>Jan, sein Sohn Gerco und die 25 Mitarbeiter arbeiten t\u00e4glich an hochwertigen Obstb\u00e4umen und Unterlagen. Viele unserer Mitarbeiter sind schon seit Jahren bei uns. Sie verf\u00fcgen \u00fcber viel Wissen und Erfahrung. Unsere technischen Teamleiter f\u00fcr den Anbau sind f\u00fcr die t\u00e4gliche F\u00fchrung kleiner, entscheidungsfreudiger Teams verantwortlich.<\/p>\n<p><strong>Qualit\u00e4t und Kundenorientierung<\/strong><\/p>\n<p>Qualit\u00e4t und Kundenorientierung stehen bei uns an erster Stelle. Unsere langj\u00e4hrige Erfahrung erm\u00f6glicht es uns, ein qualitativ hochwertiges Produkt herzustellen. Der Kunde bekommt, was vereinbart wurde und wir liefern seit Jahren gleichbleibende Qualit\u00e4t. Wir z\u00fcchten ein breites Sortiment an Obstb\u00e4umen. <\/p>\n\t\t\t\t\t<\/div>\n\t\t\t\t\t\t<\/div>\n\t\t\t\t<\/div>\n\t\t\t\t\t\t<\/div>\n\t\t\t\t\t<\/div>\n\t\t<\/div>\n\t\t\t\t<div class=\"elementor-column elementor-col-50 elementor-inner-column elementor-element elementor-element-fbc05b1 elementor-hidden-tablet\" data-id=\"fbc05b1\" data-element_type=\"column\">\n\t\t\t<div class=\"elementor-column-wrap elementor-element-populated\">\n\t\t\t\t\t\t\t<div class=\"elementor-widget-wrap\">\n\t\t\t\t\t\t<div class=\"elementor-element elementor-element-54c6e19 elementor-widget-tablet__width-initial elementor-absolute scroll-motion-yes scroll-motion-direction-up elementor-widget elementor-widget-image\" data-id=\"54c6e19\" data-element_type=\"widget\" data-settings=\"{&quot;_position&quot;:&quot;absolute&quot;}\" data-widget_type=\"image.default\">\n\t\t\t\t<div class=\"elementor-widget-container\">\n\t\t\t<style>\/*! elementor - v3.14.0 - 26-06-2023 *\/\n.elementor-widget-image{text-align:center}.elementor-widget-image a{display:inline-block}.elementor-widget-image a img[src$=\".svg\"]{width:48px}.elementor-widget-image img{vertical-align:middle;display:inline-block}<\/style>\t\t\t\t\t<div class=\"elementor-image\">\n\t\t\t\t\t\t\t\t\t\t\t\t<img loading=\"lazy\" decoding=\"async\" width=\"176\" height=\"189\" src=\"https:\/\/fruitboomkwekerijmorren.nl\/wp-content\/uploads\/2023\/07\/Logomorren-boom-M-vierkant-overlay176x189.png\" class=\"attachment-large size-large wp-image-20078\" alt=\"\" \/>\t\t\t\t\t\t\t\t\t\t\t\t\t\t<\/div>\n\t\t\t\t\t\t<\/div>\n\t\t\t\t<\/div>\n\t\t\t\t<div class=\"elementor-element elementor-element-c04628d elementor-widget-tablet__width-auto scroll-motion-no elementor-invisible elementor-widget elementor-widget-image\" data-id=\"c04628d\" data-element_type=\"widget\" data-settings=\"{&quot;_animation&quot;:&quot;ta_under_strips&quot;,&quot;_animation_laptop&quot;:&quot;none&quot;}\" data-widget_type=\"image.default\">\n\t\t\t\t<div class=\"elementor-widget-container\">\n\t\t\t\t\t\t\t\t<div class=\"elementor-image\">\n\t\t\t\t\t\t\t\t\t\t\t\t<img loading=\"lazy\" decoding=\"async\" width=\"1600\" height=\"2154\" src=\"https:\/\/fruitboomkwekerijmorren.nl\/wp-content\/uploads\/2023\/07\/jan-en-gerco.jpg\" class=\"attachment-full size-full wp-image-20172\" alt=\"\" srcset=\"https:\/\/fruitboomkwekerijmorren.nl\/wp-content\/uploads\/2023\/07\/jan-en-gerco.jpg 1600w, https:\/\/fruitboomkwekerijmorren.nl\/wp-content\/uploads\/2023\/07\/jan-en-gerco-223x300.jpg 223w, https:\/\/fruitboomkwekerijmorren.nl\/wp-content\/uploads\/2023\/07\/jan-en-gerco-761x1024.jpg 761w, https:\/\/fruitboomkwekerijmorren.nl\/wp-content\/uploads\/2023\/07\/jan-en-gerco-768x1034.jpg 768w, https:\/\/fruitboomkwekerijmorren.nl\/wp-content\/uploads\/2023\/07\/jan-en-gerco-1141x1536.jpg 1141w, https:\/\/fruitboomkwekerijmorren.nl\/wp-content\/uploads\/2023\/07\/jan-en-gerco-1521x2048.jpg 1521w\" sizes=\"auto, (max-width: 1600px) 100vw, 1600px\" \/>\t\t\t\t\t\t\t\t\t\t\t\t\t\t<\/div>\n\t\t\t\t\t\t<\/div>\n\t\t\t\t<\/div>\n\t\t\t\t\t\t<\/div>\n\t\t\t\t\t<\/div>\n\t\t<\/div>\n\t\t\t\t\t\t\t\t<\/div>\n\t\t\t\t\t<\/div>\n\t\t<\/section>\n\t\t\t\t\t\t<\/div>\n\t\t\t\t\t<\/div>\n\t\t<\/div>\n\t\t\t\t\t\t\t\t<\/div>\n\t\t\t\t\t<\/div>\n\t\t<\/section>\n\t\t\t\t<section class=\"elementor-section elementor-top-section elementor-element elementor-element-f6cc3fd elementor-section-stretched elementor-section-boxed elementor-section-height-default elementor-section-height-default\" data-id=\"f6cc3fd\" data-element_type=\"section\" data-settings=\"{&quot;stretch_section&quot;:&quot;section-stretched&quot;,&quot;background_background&quot;:&quot;classic&quot;}\">\n\t\t\t\t\t\t<div class=\"elementor-container elementor-column-gap-default\">\n\t\t\t\t\t\t\t<div class=\"elementor-row\">\n\t\t\t\t\t<div class=\"elementor-column elementor-col-100 elementor-top-column elementor-element elementor-element-f96e755\" data-id=\"f96e755\" data-element_type=\"column\">\n\t\t\t<div class=\"elementor-column-wrap elementor-element-populated\">\n\t\t\t\t\t\t\t<div class=\"elementor-widget-wrap\">\n\t\t\t\t\t\t<div class=\"elementor-element elementor-element-d4a1805 elementor-widget elementor-widget-agrarium_slogan\" data-id=\"d4a1805\" data-element_type=\"widget\" data-widget_type=\"agrarium_slogan.default\">\n\t\t\t\t<div class=\"elementor-widget-container\">\n\t\t\t<div class=\"slogan\">Mehr als 35 Jahre Erfahrung<\/div>\t\t<\/div>\n\t\t\t\t<\/div>\n\t\t\t\t\t\t<\/div>\n\t\t\t\t\t<\/div>\n\t\t<\/div>\n\t\t\t\t\t\t\t\t<\/div>\n\t\t\t\t\t<\/div>\n\t\t<\/section>\n\t\t\t\t\t\t\t\t\t<\/div>\n\t\t\t<\/div>\n\t\t\t\t\t<\/div>\n\t\t","protected":false},"excerpt":{"rendered":"<p>Ende der 1980er Jahre gr\u00fcndete Jan Morren in Flevoland die Obstbaumschule Morren. Das Unternehmen verf\u00fcgt derzeit \u00fcber 50 Hektar Unterlagen und Obstb\u00e4ume. Auf dem fruchtbaren Lehmboden des (ehemaligen) IJsselmeeres z\u00fcchten wir hochwertige Obstb\u00e4ume. Unsere Strategie zielt auf die Produktion eines qualitativ&#8230;<\/p>\n","protected":false},"author":1,"featured_media":0,"parent":0,"menu_order":0,"comment_status":"closed","ping_status":"closed","template":"","meta":{"om_disable_all_campaigns":false,"_monsterinsights_skip_tracking":false,"_monsterinsights_sitenote_active":false,"_monsterinsights_sitenote_note":"","_monsterinsights_sitenote_category":0,"footnotes":""},"class_list":["post-21991","page","type-page","status-publish","hentry"],"aioseo_notices":[],"_links":{"self":[{"href":"https:\/\/fruitboomkwekerijmorren.nl\/de\/wp-json\/wp\/v2\/pages\/21991","targetHints":{"allow":["GET"]}}],"collection":[{"href":"https:\/\/fruitboomkwekerijmorren.nl\/de\/wp-json\/wp\/v2\/pages"}],"about":[{"href":"https:\/\/fruitboomkwekerijmorren.nl\/de\/wp-json\/wp\/v2\/types\/page"}],"author":[{"embeddable":true,"href":"https:\/\/fruitboomkwekerijmorren.nl\/de\/wp-json\/wp\/v2\/users\/1"}],"replies":[{"embeddable":true,"href":"https:\/\/fruitboomkwekerijmorren.nl\/de\/wp-json\/wp\/v2\/comments?post=21991"}],"version-history":[{"count":10,"href":"https:\/\/fruitboomkwekerijmorren.nl\/de\/wp-json\/wp\/v2\/pages\/21991\/revisions"}],"predecessor-version":[{"id":22012,"href":"https:\/\/fruitboomkwekerijmorren.nl\/de\/wp-json\/wp\/v2\/pages\/21991\/revisions\/22012"}],"wp:attachment":[{"href":"https:\/\/fruitboomkwekerijmorren.nl\/de\/wp-json\/wp\/v2\/media?parent=21991"}],"curies":[{"name":"wp","href":"https:\/\/api.w.org\/{rel}","templated":true}]}}