{"id":21989,"date":"2023-07-27T10:00:43","date_gmt":"2023-07-27T08:00:43","guid":{"rendered":"https:\/\/fruitboomkwekerijmorren.nl\/unterlagen\/"},"modified":"2023-10-12T11:38:49","modified_gmt":"2023-10-12T09:38:49","slug":"unterlagen","status":"publish","type":"page","link":"https:\/\/fruitboomkwekerijmorren.nl\/de\/unterlagen\/","title":{"rendered":"Unterlagen"},"content":{"rendered":"\t\t<div data-elementor-type=\"wp-page\" data-elementor-id=\"21989\" class=\"elementor elementor-21989 elementor-20383\">\n\t\t\t\t\t\t<div class=\"elementor-inner\">\n\t\t\t\t<div class=\"elementor-section-wrap\">\n\t\t\t\t\t\t\t\t\t<section class=\"elementor-section elementor-top-section elementor-element elementor-element-99e01e8 elementor-section-boxed elementor-section-height-default elementor-section-height-default\" data-id=\"99e01e8\" data-element_type=\"section\">\n\t\t\t\t\t\t<div class=\"elementor-container elementor-column-gap-default\">\n\t\t\t\t\t\t\t<div class=\"elementor-row\">\n\t\t\t\t\t<div class=\"elementor-column elementor-col-50 elementor-top-column elementor-element elementor-element-c0085d5\" data-id=\"c0085d5\" data-element_type=\"column\">\n\t\t\t<div class=\"elementor-column-wrap elementor-element-populated\">\n\t\t\t\t\t\t\t<div class=\"elementor-widget-wrap\">\n\t\t\t\t\t\t<div class=\"elementor-element elementor-element-363d584 elementor-widget elementor-widget-agrarium_heading\" data-id=\"363d584\" data-element_type=\"widget\" data-widget_type=\"agrarium_heading.default\">\n\t\t\t\t<div class=\"elementor-widget-container\">\n\t\t\t<div class=\"agrarium-heading-widget\"><h2 class=\"agrarium-heading\"><span class=\"agrarium-subheading\">Onderstammenteelt<\/span><span class=\"agrarium-heading-content\">Gezond en gecertificeerd uitgangsmateriaal<\/span><\/h2><\/div>\t\t<\/div>\n\t\t\t\t<\/div>\n\t\t\t\t\t\t<\/div>\n\t\t\t\t\t<\/div>\n\t\t<\/div>\n\t\t\t\t<div class=\"elementor-column elementor-col-50 elementor-top-column elementor-element elementor-element-e00a88e\" data-id=\"e00a88e\" data-element_type=\"column\">\n\t\t\t<div class=\"elementor-column-wrap elementor-element-populated\">\n\t\t\t\t\t\t\t<div class=\"elementor-widget-wrap\">\n\t\t\t\t\t\t<div class=\"elementor-element elementor-element-7280a31 elementor-widget elementor-widget-text-editor\" data-id=\"7280a31\" data-element_type=\"widget\" data-widget_type=\"text-editor.default\">\n\t\t\t\t<div class=\"elementor-widget-container\">\n\t\t\t<style>\/*! elementor - v3.14.0 - 26-06-2023 *\/\n.elementor-widget-text-editor.elementor-drop-cap-view-stacked .elementor-drop-cap{background-color:#69727d;color:#fff}.elementor-widget-text-editor.elementor-drop-cap-view-framed .elementor-drop-cap{color:#69727d;border:3px solid;background-color:transparent}.elementor-widget-text-editor:not(.elementor-drop-cap-view-default) .elementor-drop-cap{margin-top:8px}.elementor-widget-text-editor:not(.elementor-drop-cap-view-default) .elementor-drop-cap-letter{width:1em;height:1em}.elementor-widget-text-editor .elementor-drop-cap{float:left;text-align:center;line-height:1;font-size:50px}.elementor-widget-text-editor .elementor-drop-cap-letter{display:inline-block}<\/style>\t\t\t\t\t<div class=\"elementor-text-editor elementor-clearfix\">\n\t\t\t\t<p>Die Mutterbette der Obstbaumschule Morren umfassen etwa 15 Hektar. Dar\u00fcber hinaus werden f\u00fcr die Produktion der zweij\u00e4hrigen Unterlage j\u00e4hrlich Unterlagen verpflanzt.<\/p>\n<p>Der Gro\u00dfteil der Unterlagsproduktion f\u00fcr \u00c4pfel (Malus) besteht aus M9 T337, B9 und MM106. Die Produktion der Birne (Pyrus) Unterlagen besteht haupts\u00e4chlich aus Adams-Unterlagen.<\/p>\n<p>F\u00fcr den Anbau unserer Obstb\u00e4ume nutzen wir unsere eigenen Unterlage. Auf diese Weise k\u00f6nnen wir sicher sein, dass wir gesundes und zuverl\u00e4ssiges Ausgangsmaterial erhalten. Dar\u00fcber hinaus findet dieses sch\u00f6ne Produkt seinen Weg zu Kunden innerhalb Europas und weit dar\u00fcber hinaus. <\/p>\n\t\t\t\t\t<\/div>\n\t\t\t\t\t\t<\/div>\n\t\t\t\t<\/div>\n\t\t\t\t\t\t<\/div>\n\t\t\t\t\t<\/div>\n\t\t<\/div>\n\t\t\t\t\t\t\t\t<\/div>\n\t\t\t\t\t<\/div>\n\t\t<\/section>\n\t\t\t\t<section class=\"elementor-section elementor-top-section elementor-element elementor-element-ed07dcd elementor-section-boxed elementor-section-height-default elementor-section-height-default\" data-id=\"ed07dcd\" data-element_type=\"section\">\n\t\t\t\t\t\t<div class=\"elementor-container elementor-column-gap-default\">\n\t\t\t\t\t\t\t<div class=\"elementor-row\">\n\t\t\t\t\t<div class=\"elementor-column elementor-col-33 elementor-top-column elementor-element elementor-element-c641c03\" data-id=\"c641c03\" data-element_type=\"column\">\n\t\t\t<div class=\"elementor-column-wrap elementor-element-populated\">\n\t\t\t\t\t\t\t<div class=\"elementor-widget-wrap\">\n\t\t\t\t\t\t<div class=\"elementor-element elementor-element-59ea9e6 elementor-widget elementor-widget-agrarium_banner\" data-id=\"59ea9e6\" data-element_type=\"widget\" data-widget_type=\"agrarium_banner.default\">\n\t\t\t\t<div class=\"elementor-widget-container\">\n\t\t\t        \n        <div class=\"banner-widget banner-widget-type-2\">\n            <a href=\"\/onderstammen\/m9-onderstam\" class=\"banner-inner\"><span class=\"banner-bg\"><\/span><span class=\"banner-overlay\"><\/span><span class=\"banner-content\"><span class=\"additional-title\">M9 onderstam<\/span><span class=\"overlay-title\">M9 T337<\/span><\/span><\/a>        <\/div>\n        \t\t<\/div>\n\t\t\t\t<\/div>\n\t\t\t\t\t\t<\/div>\n\t\t\t\t\t<\/div>\n\t\t<\/div>\n\t\t\t\t<div class=\"elementor-column elementor-col-33 elementor-top-column elementor-element elementor-element-83d72be\" data-id=\"83d72be\" data-element_type=\"column\">\n\t\t\t<div class=\"elementor-column-wrap elementor-element-populated\">\n\t\t\t\t\t\t\t<div class=\"elementor-widget-wrap\">\n\t\t\t\t\t\t<div class=\"elementor-element elementor-element-ab4c54b elementor-widget elementor-widget-agrarium_banner\" data-id=\"ab4c54b\" data-element_type=\"widget\" data-widget_type=\"agrarium_banner.default\">\n\t\t\t\t<div class=\"elementor-widget-container\">\n\t\t\t        \n        <div class=\"banner-widget banner-widget-type-2\">\n            <a href=\"\/onderstammen\/b9-onderstam\" class=\"banner-inner\"><span class=\"banner-bg\"><\/span><span class=\"banner-overlay\"><\/span><span class=\"banner-content\"><span class=\"additional-title\">B9 onderstam<\/span><span class=\"overlay-title\">Bud 9<\/span><\/span><\/a>        <\/div>\n        \t\t<\/div>\n\t\t\t\t<\/div>\n\t\t\t\t\t\t<\/div>\n\t\t\t\t\t<\/div>\n\t\t<\/div>\n\t\t\t\t<div class=\"elementor-column elementor-col-33 elementor-top-column elementor-element elementor-element-b250f48\" data-id=\"b250f48\" data-element_type=\"column\">\n\t\t\t<div class=\"elementor-column-wrap elementor-element-populated\">\n\t\t\t\t\t\t\t<div class=\"elementor-widget-wrap\">\n\t\t\t\t\t\t<div class=\"elementor-element elementor-element-b03dd4f elementor-widget elementor-widget-agrarium_banner\" data-id=\"b03dd4f\" data-element_type=\"widget\" data-widget_type=\"agrarium_banner.default\">\n\t\t\t\t<div class=\"elementor-widget-container\">\n\t\t\t        \n        <div class=\"banner-widget banner-widget-type-2\">\n            <a href=\"\/onderstammen\/mm106-onderstam\" class=\"banner-inner\"><span class=\"banner-bg\"><\/span><span class=\"banner-content\"><span class=\"additional-title\">MM106 onderstam<\/span><span class=\"overlay-title\">MM106 9a<\/span><\/span><\/a>        <\/div>\n        \t\t<\/div>\n\t\t\t\t<\/div>\n\t\t\t\t\t\t<\/div>\n\t\t\t\t\t<\/div>\n\t\t<\/div>\n\t\t\t\t\t\t\t\t<\/div>\n\t\t\t\t\t<\/div>\n\t\t<\/section>\n\t\t\t\t<section class=\"elementor-section elementor-top-section elementor-element elementor-element-3d639de elementor-section-boxed elementor-section-height-default elementor-section-height-default\" data-id=\"3d639de\" data-element_type=\"section\">\n\t\t\t\t\t\t<div class=\"elementor-container elementor-column-gap-default\">\n\t\t\t\t\t\t\t<div class=\"elementor-row\">\n\t\t\t\t\t<div class=\"elementor-column elementor-col-100 elementor-top-column elementor-element elementor-element-3b754ff\" data-id=\"3b754ff\" data-element_type=\"column\">\n\t\t\t<div class=\"elementor-column-wrap elementor-element-populated\">\n\t\t\t\t\t\t\t<div class=\"elementor-widget-wrap\">\n\t\t\t\t\t\t<div class=\"elementor-element elementor-element-81aec5d elementor-widget elementor-widget-heading\" data-id=\"81aec5d\" data-element_type=\"widget\" data-widget_type=\"heading.default\">\n\t\t\t\t<div class=\"elementor-widget-container\">\n\t\t\t<style>\/*! elementor - v3.14.0 - 26-06-2023 *\/\n.elementor-heading-title{padding:0;margin:0;line-height:1}.elementor-widget-heading .elementor-heading-title[class*=elementor-size-]>a{color:inherit;font-size:inherit;line-height:inherit}.elementor-widget-heading .elementor-heading-title.elementor-size-small{font-size:15px}.elementor-widget-heading .elementor-heading-title.elementor-size-medium{font-size:19px}.elementor-widget-heading .elementor-heading-title.elementor-size-large{font-size:29px}.elementor-widget-heading .elementor-heading-title.elementor-size-xl{font-size:39px}.elementor-widget-heading .elementor-heading-title.elementor-size-xxl{font-size:59px}<\/style><h3 class=\"elementor-heading-title elementor-size-default\">onderstammen - rootstocks - portainnesto - rizoma - porta-enxerto - \u043a\u043e\u0440\u043d\u0435\u0432\u0438\u0449\u0435 - \u03c5\u03c0\u03bf\u03ba\u03b5\u03af\u03bc\u03b5\u03bd\u03b1 - ana\u00e7 - \u043f\u0456\u0434\u0449\u0435\u043f\u0430 - \u7827\u6728 - Unterlagen<\/h3>\t\t<\/div>\n\t\t\t\t<\/div>\n\t\t\t\t\t\t<\/div>\n\t\t\t\t\t<\/div>\n\t\t<\/div>\n\t\t\t\t\t\t\t\t<\/div>\n\t\t\t\t\t<\/div>\n\t\t<\/section>\n\t\t\t\t<section class=\"elementor-section elementor-top-section elementor-element elementor-element-3a85836 elementor-section-boxed elementor-section-height-default elementor-section-height-default\" data-id=\"3a85836\" data-element_type=\"section\">\n\t\t\t\t\t\t<div class=\"elementor-container elementor-column-gap-default\">\n\t\t\t\t\t\t\t<div class=\"elementor-row\">\n\t\t\t\t\t<div class=\"elementor-column elementor-col-100 elementor-top-column elementor-element elementor-element-3ef2517\" data-id=\"3ef2517\" data-element_type=\"column\">\n\t\t\t<div class=\"elementor-column-wrap\">\n\t\t\t\t\t\t\t<div class=\"elementor-widget-wrap\">\n\t\t\t\t\t\t\t\t<\/div>\n\t\t\t\t\t<\/div>\n\t\t<\/div>\n\t\t\t\t\t\t\t\t<\/div>\n\t\t\t\t\t<\/div>\n\t\t<\/section>\n\t\t\t\t\t\t\t\t\t<\/div>\n\t\t\t<\/div>\n\t\t\t\t\t<\/div>\n\t\t","protected":false},"excerpt":{"rendered":"<p>Die Mutterbette der Obstbaumschule Morren umfassen etwa 15 Hektar. Dar\u00fcber hinaus werden f\u00fcr die Produktion der zweij\u00e4hrigen Unterlage j\u00e4hrlich Unterlagen verpflanzt. Der Gro\u00dfteil der Unterlagsproduktion f\u00fcr \u00c4pfel (Malus) besteht aus M9 T337, B9 und MM106. Die Produktion der Birne (Pyrus) Unterlagen&#8230;<\/p>\n","protected":false},"author":1,"featured_media":0,"parent":0,"menu_order":0,"comment_status":"closed","ping_status":"closed","template":"","meta":{"om_disable_all_campaigns":false,"_monsterinsights_skip_tracking":false,"_monsterinsights_sitenote_active":false,"_monsterinsights_sitenote_note":"","_monsterinsights_sitenote_category":0,"footnotes":""},"class_list":["post-21989","page","type-page","status-publish","hentry"],"aioseo_notices":[],"_links":{"self":[{"href":"https:\/\/fruitboomkwekerijmorren.nl\/de\/wp-json\/wp\/v2\/pages\/21989","targetHints":{"allow":["GET"]}}],"collection":[{"href":"https:\/\/fruitboomkwekerijmorren.nl\/de\/wp-json\/wp\/v2\/pages"}],"about":[{"href":"https:\/\/fruitboomkwekerijmorren.nl\/de\/wp-json\/wp\/v2\/types\/page"}],"author":[{"embeddable":true,"href":"https:\/\/fruitboomkwekerijmorren.nl\/de\/wp-json\/wp\/v2\/users\/1"}],"replies":[{"embeddable":true,"href":"https:\/\/fruitboomkwekerijmorren.nl\/de\/wp-json\/wp\/v2\/comments?post=21989"}],"version-history":[{"count":1,"href":"https:\/\/fruitboomkwekerijmorren.nl\/de\/wp-json\/wp\/v2\/pages\/21989\/revisions"}],"predecessor-version":[{"id":21990,"href":"https:\/\/fruitboomkwekerijmorren.nl\/de\/wp-json\/wp\/v2\/pages\/21989\/revisions\/21990"}],"wp:attachment":[{"href":"https:\/\/fruitboomkwekerijmorren.nl\/de\/wp-json\/wp\/v2\/media?parent=21989"}],"curies":[{"name":"wp","href":"https:\/\/api.w.org\/{rel}","templated":true}]}}