{"id":21983,"date":"2021-04-19T14:05:07","date_gmt":"2021-04-19T12:05:07","guid":{"rendered":"https:\/\/fruitboomkwekerijmorren.nl\/kontakt\/"},"modified":"2025-08-29T08:54:47","modified_gmt":"2025-08-29T06:54:47","slug":"kontakt","status":"publish","type":"page","link":"https:\/\/fruitboomkwekerijmorren.nl\/de\/kontakt\/","title":{"rendered":"Kontakt"},"content":{"rendered":"\t\t<div data-elementor-type=\"wp-page\" data-elementor-id=\"21983\" class=\"elementor elementor-21983 elementor-202\">\n\t\t\t\t\t\t<div class=\"elementor-inner\">\n\t\t\t\t<div class=\"elementor-section-wrap\">\n\t\t\t\t\t\t\t\t\t<section class=\"elementor-section elementor-top-section elementor-element elementor-element-25f010b elementor-section-boxed elementor-section-height-default elementor-section-height-default\" data-id=\"25f010b\" data-element_type=\"section\">\n\t\t\t\t\t\t<div class=\"elementor-container elementor-column-gap-default\">\n\t\t\t\t\t\t\t<div class=\"elementor-row\">\n\t\t\t\t\t<div class=\"elementor-column elementor-col-100 elementor-top-column elementor-element elementor-element-a58a80b\" data-id=\"a58a80b\" data-element_type=\"column\">\n\t\t\t<div class=\"elementor-column-wrap elementor-element-populated\">\n\t\t\t\t\t\t\t<div class=\"elementor-widget-wrap\">\n\t\t\t\t\t\t<div class=\"elementor-element elementor-element-ef579e5 elementor-widget elementor-widget-agrarium_heading\" data-id=\"ef579e5\" data-element_type=\"widget\" data-widget_type=\"agrarium_heading.default\">\n\t\t\t\t<div class=\"elementor-widget-container\">\n\t\t\t<div class=\"agrarium-heading-widget\"><h2 class=\"agrarium-heading\"><span class=\"agrarium-subheading\">Kontakt Info<\/span><span class=\"agrarium-heading-content\">Kontaktieren Sie uns<\/span><\/h2><\/div>\t\t<\/div>\n\t\t\t\t<\/div>\n\t\t\t\t\t\t<\/div>\n\t\t\t\t\t<\/div>\n\t\t<\/div>\n\t\t\t\t\t\t\t\t<\/div>\n\t\t\t\t\t<\/div>\n\t\t<\/section>\n\t\t\t\t<section class=\"elementor-section elementor-top-section elementor-element elementor-element-6501603 elementor-section-boxed elementor-section-height-default elementor-section-height-default\" data-id=\"6501603\" data-element_type=\"section\">\n\t\t\t\t\t\t<div class=\"elementor-container elementor-column-gap-default\">\n\t\t\t\t\t\t\t<div class=\"elementor-row\">\n\t\t\t\t\t<div class=\"elementor-column elementor-col-50 elementor-top-column elementor-element elementor-element-c699448\" data-id=\"c699448\" data-element_type=\"column\">\n\t\t\t<div class=\"elementor-column-wrap elementor-element-populated\">\n\t\t\t\t\t\t\t<div class=\"elementor-widget-wrap\">\n\t\t\t\t\t\t<section class=\"elementor-section elementor-inner-section elementor-element elementor-element-a792138 elementor-section-full_width elementor-section-height-default elementor-section-height-default\" data-id=\"a792138\" data-element_type=\"section\" data-settings=\"{&quot;background_background&quot;:&quot;classic&quot;}\">\n\t\t\t\t\t\t<div class=\"elementor-container elementor-column-gap-no\">\n\t\t\t\t\t\t\t<div class=\"elementor-row\">\n\t\t\t\t\t<div class=\"elementor-column elementor-col-100 elementor-inner-column elementor-element elementor-element-5a2629c\" data-id=\"5a2629c\" data-element_type=\"column\">\n\t\t\t<div class=\"elementor-column-wrap elementor-element-populated\">\n\t\t\t\t\t\t\t<div class=\"elementor-widget-wrap\">\n\t\t\t\t\t\t<div class=\"elementor-element elementor-element-60e036d elementor-widget elementor-widget-agrarium_heading\" data-id=\"60e036d\" data-element_type=\"widget\" data-widget_type=\"agrarium_heading.default\">\n\t\t\t\t<div class=\"elementor-widget-container\">\n\t\t\t<div class=\"agrarium-heading-widget\"><h5 class=\"agrarium-heading\"><span class=\"agrarium-heading-content\"><span style=\"color: #7cb306\">Nachricht Senden<\/span><\/span><\/h5><\/div>\t\t<\/div>\n\t\t\t\t<\/div>\n\t\t\t\t<div class=\"elementor-element elementor-element-3990002 elementor-widget elementor-widget-agrarium_wpforms\" data-id=\"3990002\" data-element_type=\"widget\" data-widget_type=\"agrarium_wpforms.default\">\n\t\t\t\t<div class=\"elementor-widget-container\">\n\t\t\t        <div class=\"agrarium-wpforms-widget\">\n            <div class=\"wpforms-container wpforms-container-full wpforms-render-modern\" id=\"wpforms-23144\"><form id=\"wpforms-form-23144\" class=\"wpforms-validate wpforms-form wpforms-ajax-form\" data-formid=\"23144\" method=\"post\" enctype=\"multipart\/form-data\" action=\"\/de\/wp-json\/wp\/v2\/pages\/21983\" data-token=\"ab742c275651fa7de5788965c29800ee\"><noscript class=\"wpforms-error-noscript\">Bitte aktiviere JavaScript in deinem Browser, um dieses Formular fertigzustellen.<\/noscript><div class=\"wpforms-hidden\" id=\"wpforms-error-noscript\">Bitte aktiviere JavaScript in deinem Browser, um dieses Formular fertigzustellen.<\/div><div class=\"wpforms-field-container\"><div id=\"wpforms-23144-field_0-container\" class=\"wpforms-field wpforms-field-text\" data-field-id=\"0\"><label class=\"wpforms-field-label wpforms-label-hide\" for=\"wpforms-23144-field_0\" aria-hidden=\"false\">Name <span class=\"wpforms-required-label\" aria-hidden=\"true\">*<\/span><\/label><input type=\"text\" id=\"wpforms-23144-field_0\" class=\"wpforms-field-large wpforms-field-required\" name=\"wpforms[fields][0]\" placeholder=\"Name *\" aria-errormessage=\"wpforms-23144-field_0-error\" required><\/div><div id=\"wpforms-23144-field_7-container\" class=\"wpforms-field wpforms-field-text\" data-field-id=\"7\"><label class=\"wpforms-field-label wpforms-label-hide\" for=\"wpforms-23144-field_7\" aria-hidden=\"false\">Betrieb<\/label><input type=\"text\" id=\"wpforms-23144-field_7\" class=\"wpforms-field-large\" name=\"wpforms[fields][7]\" placeholder=\"Betrieb\" aria-errormessage=\"wpforms-23144-field_7-error\" ><\/div><div id=\"wpforms-23144-field_8-container\" class=\"wpforms-field wpforms-field-text\" data-field-id=\"8\"><label class=\"wpforms-field-label wpforms-label-hide\" for=\"wpforms-23144-field_8\" aria-hidden=\"false\">Ort <span class=\"wpforms-required-label\" aria-hidden=\"true\">*<\/span><\/label><input type=\"text\" id=\"wpforms-23144-field_8\" class=\"wpforms-field-large wpforms-field-required\" name=\"wpforms[fields][8]\" placeholder=\"Ort *\" aria-errormessage=\"wpforms-23144-field_8-error\" required><\/div><div id=\"wpforms-23144-field_9-container\" class=\"wpforms-field wpforms-field-text\" data-field-id=\"9\"><label class=\"wpforms-field-label wpforms-label-hide\" for=\"wpforms-23144-field_9\" aria-hidden=\"false\">Land <span class=\"wpforms-required-label\" aria-hidden=\"true\">*<\/span><\/label><input type=\"text\" id=\"wpforms-23144-field_9\" class=\"wpforms-field-large wpforms-field-required\" name=\"wpforms[fields][9]\" placeholder=\"Land *\" aria-errormessage=\"wpforms-23144-field_9-error\" required><\/div><div id=\"wpforms-23144-field_10-container\" class=\"wpforms-field wpforms-field-number\" data-field-id=\"10\"><label class=\"wpforms-field-label wpforms-label-hide\" for=\"wpforms-23144-field_10\" aria-hidden=\"false\">Telefon <span class=\"wpforms-required-label\" aria-hidden=\"true\">*<\/span><\/label><input type=\"number\" pattern=\"\\d*\" id=\"wpforms-23144-field_10\" class=\"wpforms-field-large wpforms-field-required\" name=\"wpforms[fields][10]\" placeholder=\"Telefon\" aria-errormessage=\"wpforms-23144-field_10-error\" required><\/div><div id=\"wpforms-23144-field_1-container\" class=\"wpforms-field wpforms-field-email\" data-field-id=\"1\"><label class=\"wpforms-field-label wpforms-label-hide\" for=\"wpforms-23144-field_1\" aria-hidden=\"false\">E-mail <span class=\"wpforms-required-label\" aria-hidden=\"true\">*<\/span><\/label><input type=\"email\" id=\"wpforms-23144-field_1\" class=\"wpforms-field-large wpforms-field-required\" name=\"wpforms[fields][1]\" placeholder=\"E-mail *\" spellcheck=\"false\" aria-errormessage=\"wpforms-23144-field_1-error\" required><\/div><div id=\"wpforms-23144-field_6-container\" class=\"wpforms-field wpforms-field-select wpforms-field-select-style-classic\" data-field-id=\"6\"><label class=\"wpforms-field-label wpforms-label-hide\" for=\"wpforms-23144-field_6\" aria-hidden=\"false\">Betreff <span class=\"wpforms-required-label\" aria-hidden=\"true\">*<\/span><\/label><div class=\"select-wrap wpforms-field-large\"><select id=\"wpforms-23144-field_6\" class=\"wpforms-field-large wpforms-field-required\" name=\"wpforms[fields][6]\" required=\"required\"><option value=\"\" class=\"placeholder\" disabled  selected='selected'>Thema ausw\u00e4hlen... *<\/option><option value=\"Obstb\u00e4ume\" >Obstb\u00e4ume<\/option><option value=\"Unterlagen\" >Unterlagen<\/option><\/select><\/div><\/div><div id=\"wpforms-23144-field_2-container\" class=\"wpforms-field wpforms-field-textarea\" data-field-id=\"2\"><label class=\"wpforms-field-label wpforms-label-hide\" for=\"wpforms-23144-field_2\" aria-hidden=\"false\">Nachricht <span class=\"wpforms-required-label\" aria-hidden=\"true\">*<\/span><\/label><textarea id=\"wpforms-23144-field_2\" class=\"wpforms-field-small wpforms-field-required\" name=\"wpforms[fields][2]\" placeholder=\"Ihre Nachricht... *\" aria-errormessage=\"wpforms-23144-field_2-error\" required><\/textarea><\/div><\/div><!-- .wpforms-field-container --><input type=\"hidden\" name=\"wpforms[recaptcha]\" value=\"\"><div class=\"wpforms-submit-container\" ><input type=\"hidden\" name=\"wpforms[id]\" value=\"23144\"><input type=\"hidden\" name=\"wpforms[author]\" value=\"1\"><button type=\"submit\" name=\"wpforms[submit]\" id=\"wpforms-submit-23144\" class=\"wpforms-submit fullwidth\" data-alt-text=\"Senden...\" data-submit-text=\"Senden\" aria-live=\"assertive\" value=\"wpforms-submit\">Senden<\/button><img loading=\"lazy\" decoding=\"async\" src=\"https:\/\/fruitboomkwekerijmorren.nl\/wp-content\/plugins\/wpforms-lite\/assets\/images\/submit-spin.svg\" class=\"wpforms-submit-spinner\" style=\"display: none;\" width=\"26\" height=\"26\" alt=\"Wird geladen\"><\/div><\/form><\/div>  <!-- .wpforms-container -->        <\/div>\n        \t\t<\/div>\n\t\t\t\t<\/div>\n\t\t\t\t\t\t<\/div>\n\t\t\t\t\t<\/div>\n\t\t<\/div>\n\t\t\t\t\t\t\t\t<\/div>\n\t\t\t\t\t<\/div>\n\t\t<\/section>\n\t\t\t\t\t\t<\/div>\n\t\t\t\t\t<\/div>\n\t\t<\/div>\n\t\t\t\t<div class=\"elementor-column elementor-col-50 elementor-top-column elementor-element elementor-element-07cc994\" data-id=\"07cc994\" data-element_type=\"column\">\n\t\t\t<div class=\"elementor-column-wrap elementor-element-populated\">\n\t\t\t\t\t\t\t<div class=\"elementor-widget-wrap\">\n\t\t\t\t\t\t<div class=\"elementor-element elementor-element-7daed72 elementor-widget elementor-widget-text-editor\" data-id=\"7daed72\" data-element_type=\"widget\" data-widget_type=\"text-editor.default\">\n\t\t\t\t<div class=\"elementor-widget-container\">\n\t\t\t<style>\/*! elementor - v3.14.0 - 26-06-2023 *\/\n.elementor-widget-text-editor.elementor-drop-cap-view-stacked .elementor-drop-cap{background-color:#69727d;color:#fff}.elementor-widget-text-editor.elementor-drop-cap-view-framed .elementor-drop-cap{color:#69727d;border:3px solid;background-color:transparent}.elementor-widget-text-editor:not(.elementor-drop-cap-view-default) .elementor-drop-cap{margin-top:8px}.elementor-widget-text-editor:not(.elementor-drop-cap-view-default) .elementor-drop-cap-letter{width:1em;height:1em}.elementor-widget-text-editor .elementor-drop-cap{float:left;text-align:center;line-height:1;font-size:50px}.elementor-widget-text-editor .elementor-drop-cap-letter{display:inline-block}<\/style>\t\t\t\t\t<div class=\"elementor-text-editor elementor-clearfix\">\n\t\t\t\t<p>Neugierig, was wir f\u00fcreinander tun k\u00f6nnen? Bitte z\u00f6gern Sie nicht, uns \u00fcber die untenstehenden Kontaktdaten zu kontaktieren.<\/p>\n\t\t\t\t\t<\/div>\n\t\t\t\t\t\t<\/div>\n\t\t\t\t<\/div>\n\t\t\t\t<div class=\"elementor-element elementor-element-b10d6c3 icon-position-left alignment-left elementor-widget elementor-widget-agrarium_icon_box\" data-id=\"b10d6c3\" data-element_type=\"widget\" data-widget_type=\"agrarium_icon_box.default\">\n\t\t\t\t<div class=\"elementor-widget-container\">\n\t\t\t\n        <div class=\"agrarium-icon-box-widget\">\n            <div class=\"icon-box-item\">\n\n                <div class=\"icon-container background-type-none\">\n                    <span class=\"icon\">\n<svg id=\"we_are_here\" enable-background=\"new 0 0 512 512\" height=\"512\" viewBox=\"0 0 512 512\" width=\"512\" xmlns=\"http:\/\/www.w3.org\/2000\/svg\"><g><path d=\"m256 150c-5.649 0-11.18 1.046-16.436 3.11-3.856 1.514-5.754 5.867-4.241 9.722 1.514 3.855 5.866 5.752 9.722 4.241 3.503-1.376 7.189-2.073 10.955-2.073 16.542 0 30 13.458 30 30s-13.458 30-30 30-30-13.458-30-30c0-3.766.697-7.452 2.073-10.955 1.514-3.855-.384-8.208-4.24-9.722-3.853-1.515-8.208.384-9.722 4.24-2.065 5.257-3.111 10.787-3.111 16.437 0 24.813 20.187 45 45 45s45-20.187 45-45-20.187-45-45-45z\"\/><path d=\"m256 0c-107.523 0-195 87.477-195 195 0 41.28 12.75 80.739 36.871 114.109l139.908 193.566c4.227 5.839 11.038 9.325 18.221 9.325s13.994-3.486 18.225-9.329l139.905-193.562c24.12-33.37 36.87-72.829 36.87-114.109 0-107.523-87.477-195-195-195zm145.972 300.322-139.901 193.557c-1.436 1.983-3.649 3.121-6.071 3.121s-4.635-1.138-6.067-3.116l-139.906-193.562c-22.26-30.797-34.027-67.217-34.027-105.322 0-99.252 80.748-180 180-180s180 80.748 180 180c0 38.105-11.767 74.525-34.028 105.322z\"\/><path d=\"m256 75c-66.168 0-120 53.832-120 120s53.832 120 120 120 120-53.832 120-120-53.832-120-120-120zm0 225c-57.897 0-105-47.103-105-105s47.103-105 105-105 105 47.103 105 105-47.103 105-105 105z\"\/><\/g><\/svg><\/span>                <\/div>\n\n                <div class=\"content-container\">\n                    <h5 class=\"icon-box-title\"><span class=\"agrarium-heading-content\">Hier finden Sie uns<\/span><\/h5>                    <div class=\"icon-box-info\"><p>Diepesteeg 1-A<br \/>8081 PD Elburg<br \/>Niederlande<\/p><\/div>                    \n                <\/div>\n            <\/div>\n        <\/div>\n        \t\t<\/div>\n\t\t\t\t<\/div>\n\t\t\t\t<div class=\"elementor-element elementor-element-a173f3c icon-position-left alignment-left elementor-widget elementor-widget-agrarium_icon_box\" data-id=\"a173f3c\" data-element_type=\"widget\" data-widget_type=\"agrarium_icon_box.default\">\n\t\t\t\t<div class=\"elementor-widget-container\">\n\t\t\t\n        <div class=\"agrarium-icon-box-widget\">\n            <div class=\"icon-box-item\">\n\n                <div class=\"icon-container background-type-none\">\n                    <span class=\"icon\">\n<svg id=\"Layer_1\" enable-background=\"new 0 0 511.937 511.937\" height=\"512\" viewBox=\"0 0 511.937 511.937\" width=\"512\" xmlns=\"http:\/\/www.w3.org\/2000\/svg\"><path d=\"m504.362 323.321c4.142 0 7.5-3.358 7.5-7.5v-211.145c.646-4.485-2.98-8.567-7.417-8.567h-391.477c-9.674 0-9.674 15 0 15h369.92l-192.74 152.597c-20.125 15.933-48.234 15.933-68.359 0l-192.741-152.596h44.883c9.674 0 9.674-15 0-15h-66.439c-4.438 0-8.064 4.081-7.417 8.567v303.651c0 4.064 3.429 7.5 7.5 7.5h496.787c4.078 0 7.5-3.429 7.5-7.5v-54.359c0-9.674-15-9.674-15 0v38.872l-172.982-136.709 172.982-136.953v196.642c0 4.142 3.358 7.5 7.5 7.5zm-315.887-66.858-173.4 136.421v-273.705zm294.301 144.364h-453.539l171.329-134.791c16.679 13.205 33.034 24.635 55.402 24.635 22.59 0 39.001-11.651 55.826-24.971z\"\/><\/svg><\/span>                <\/div>\n\n                <div class=\"content-container\">\n                    <h5 class=\"icon-box-title\"><span class=\"agrarium-heading-content\">Schreiben Sie uns<\/span><\/h5>                    <div class=\"icon-box-info\"><p>info@fruitboomkwekerijmorren.nl<\/p><\/div>                    \n                <\/div>\n            <\/div>\n        <\/div>\n        \t\t<\/div>\n\t\t\t\t<\/div>\n\t\t\t\t<div class=\"elementor-element elementor-element-e4ba025 icon-position-left alignment-left elementor-widget elementor-widget-agrarium_icon_box\" data-id=\"e4ba025\" data-element_type=\"widget\" data-widget_type=\"agrarium_icon_box.default\">\n\t\t\t\t<div class=\"elementor-widget-container\">\n\t\t\t\n        <div class=\"agrarium-icon-box-widget\">\n            <div class=\"icon-box-item\">\n\n                <div class=\"icon-container background-type-none\">\n                    <span class=\"icon\"><svg version=\"1.1\" id=\"phone_us\" xmlns=\"http:\/\/www.w3.org\/2000\/svg\" xmlns:xlink=\"http:\/\/www.w3.org\/1999\/xlink\" x=\"0px\" y=\"0px\"\n\t viewBox=\"0 0 512.006 512.006\" style=\"enable-background:new 0 0 512.006 512.006;\" xml:space=\"preserve\">\n<g>\n\t<g>\n\t\t<path d=\"M370.037,296.152c-12.527-1.647-24.883-4.719-36.693-9.122c-13.107-4.898-28.006-1.741-37.999,8.115l-12.774,12.74\n\t\t\tc-28.681-17.451-52.804-41.523-70.306-70.144l12.792-12.766c9.847-9.95,13.03-24.832,8.107-37.905\n\t\t\tc-4.42-11.819-7.501-24.141-9.156-36.719c-2.517-17.783-17.877-31.317-35.908-30.899h-41.19c-1.075,0-2.15,0.051-3.208,0.154\n\t\t\tc-9.574,0.853-18.236,5.393-24.397,12.757c-6.161,7.381-9.079,16.708-8.201,26.402c4.625,43.477,19.661,85.854,43.435,122.487\n\t\t\tc21.606,33.937,50.995,63.275,84.941,84.804c36.582,23.671,78.839,38.682,122.377,43.401c1.109,0.102,2.219,0.145,3.362,0.145\n\t\t\tc9.617-0.034,18.637-3.806,25.412-10.641c6.775-6.81,10.479-15.855,10.445-25.421V332.53\n\t\t\tC401.473,314.328,388.178,298.704,370.037,296.152z M384.023,332.453v41.139c0.017,5.035-1.929,9.779-5.487,13.363\n\t\t\tc-3.558,3.584-8.303,5.564-13.329,5.581c-0.614,0-1.229-0.026-1.673-0.06c-40.721-4.412-80.401-18.509-114.833-40.789\n\t\t\tc-31.906-20.233-59.486-47.761-79.795-79.65c-22.366-34.458-36.48-74.24-40.815-114.927c-0.461-5.018,1.075-9.916,4.309-13.781\n\t\t\tc3.243-3.874,7.799-6.255,12.851-6.707c0.555-0.051,1.109-0.085,1.664-0.085h41.276c0.051,0,0.12,0,0.179,0\n\t\t\tc9.387,0,17.425,6.946,18.748,16.162c1.818,13.773,5.205,27.358,10.086,40.397c2.577,6.869,0.913,14.677-4.224,19.857\n\t\t\tl-17.434,17.408c-2.731,2.714-3.294,6.921-1.391,10.266c20.301,35.627,49.894,65.161,85.581,85.41\n\t\t\tc3.337,1.886,7.526,1.331,10.24-1.382l17.408-17.365c5.239-5.163,13.065-6.852,19.994-4.241\n\t\t\tc13.03,4.855,26.641,8.235,40.371,10.044c9.515,1.34,16.512,9.574,16.273,19.157C384.023,332.308,384.023,332.385,384.023,332.453\n\t\t\tz\"\/>\n\t<\/g>\n<\/g>\n<g>\n\t<g>\n\t\t<path d=\"M256.006,0.003c-141.158,0-256,114.842-256,256c0,48.819,13.773,96.145,39.876,137.182L0.526,500.534\n\t\t\tc-1.135,3.072-0.401,6.528,1.886,8.875c1.638,1.69,3.857,2.594,6.127,2.594c0.905,0,1.818-0.145,2.697-0.435l111.352-37.111\n\t\t\tc40.158,24.567,86.195,37.547,133.419,37.547c141.158,0,256-114.842,256-256S397.164,0.003,256.006,0.003z M256.014,494.936\n\t\t\tc-45.346,0-89.523-12.817-127.744-37.06c-1.382-0.87-2.97-1.323-4.574-1.323c-0.913,0-1.818,0.145-2.697,0.444l-98.347,32.777\n\t\t\tl34.731-94.72c0.93-2.543,0.606-5.376-0.887-7.637c-25.788-39.057-39.415-84.497-39.415-131.413\n\t\t\tc0-131.746,107.187-238.933,238.933-238.933s238.933,107.187,238.933,238.933S387.76,494.936,256.014,494.936z\"\/>\n\t<\/g>\n<\/g>\n<g>\n<\/g>\n<g>\n<\/g>\n<g>\n<\/g>\n<g>\n<\/g>\n<g>\n<\/g>\n<g>\n<\/g>\n<g>\n<\/g>\n<g>\n<\/g>\n<g>\n<\/g>\n<g>\n<\/g>\n<g>\n<\/g>\n<g>\n<\/g>\n<g>\n<\/g>\n<g>\n<\/g>\n<g>\n<\/g>\n<\/svg><\/span>                <\/div>\n\n                <div class=\"content-container\">\n                    <h5 class=\"icon-box-title\"><span class=\"agrarium-heading-content\">Ruf uns an<\/span><\/h5>                    <div class=\"icon-box-info\"><p>+31 (0)525 68 03 52<\/p><\/div>                    \n                <\/div>\n            <\/div>\n        <\/div>\n        \t\t<\/div>\n\t\t\t\t<\/div>\n\t\t\t\t\t\t<\/div>\n\t\t\t\t\t<\/div>\n\t\t<\/div>\n\t\t\t\t\t\t\t\t<\/div>\n\t\t\t\t\t<\/div>\n\t\t<\/section>\n\t\t\t\t<section class=\"elementor-section elementor-top-section elementor-element elementor-element-ebe797c elementor-section-full_width elementor-section-stretched elementor-section-height-default elementor-section-height-default\" data-id=\"ebe797c\" data-element_type=\"section\" data-settings=\"{&quot;stretch_section&quot;:&quot;section-stretched&quot;}\">\n\t\t\t\t\t\t<div class=\"elementor-container elementor-column-gap-no\">\n\t\t\t\t\t\t\t<div class=\"elementor-row\">\n\t\t\t\t\t<div class=\"elementor-column elementor-col-100 elementor-top-column elementor-element elementor-element-f8c565b\" data-id=\"f8c565b\" data-element_type=\"column\">\n\t\t\t<div class=\"elementor-column-wrap elementor-element-populated\">\n\t\t\t\t\t\t\t<div class=\"elementor-widget-wrap\">\n\t\t\t\t\t\t<div class=\"elementor-element elementor-element-ab3c997 elementor-widget elementor-widget-google_maps\" data-id=\"ab3c997\" data-element_type=\"widget\" data-widget_type=\"google_maps.default\">\n\t\t\t\t<div class=\"elementor-widget-container\">\n\t\t\t<style>\/*! elementor - v3.14.0 - 26-06-2023 *\/\n.elementor-widget-google_maps .elementor-widget-container{overflow:hidden}.elementor-widget-google_maps .elementor-custom-embed{line-height:0}.elementor-widget-google_maps iframe{height:300px}<\/style>\t\t<div class=\"elementor-custom-embed\">\n\t\t\t<iframe loading=\"lazy\"\n\t\t\t\t\tsrc=\"https:\/\/maps.google.com\/maps?q=Fruitboomkwekerij%20Morren&#038;t=m&#038;z=10&#038;output=embed&#038;iwloc=near\"\n\t\t\t\t\ttitle=\"Fruitboomkwekerij Morren\"\n\t\t\t\t\taria-label=\"Fruitboomkwekerij Morren\"\n\t\t\t><\/iframe>\n\t\t<\/div>\n\t\t\t\t<\/div>\n\t\t\t\t<\/div>\n\t\t\t\t\t\t<\/div>\n\t\t\t\t\t<\/div>\n\t\t<\/div>\n\t\t\t\t\t\t\t\t<\/div>\n\t\t\t\t\t<\/div>\n\t\t<\/section>\n\t\t\t\t<section class=\"elementor-section elementor-top-section elementor-element elementor-element-3d4a9c6 elementor-section-stretched elementor-section-boxed elementor-section-height-default elementor-section-height-default\" data-id=\"3d4a9c6\" data-element_type=\"section\" data-settings=\"{&quot;stretch_section&quot;:&quot;section-stretched&quot;}\">\n\t\t\t\t\t\t<div class=\"elementor-container elementor-column-gap-no\">\n\t\t\t\t\t\t\t<div class=\"elementor-row\">\n\t\t\t\t\t<div class=\"elementor-column elementor-col-50 elementor-top-column elementor-element elementor-element-2ff35ab\" data-id=\"2ff35ab\" data-element_type=\"column\">\n\t\t\t<div class=\"elementor-column-wrap\">\n\t\t\t\t\t\t\t<div class=\"elementor-widget-wrap\">\n\t\t\t\t\t\t\t\t<\/div>\n\t\t\t\t\t<\/div>\n\t\t<\/div>\n\t\t\t\t<div class=\"elementor-column elementor-col-50 elementor-top-column elementor-element elementor-element-59203e9 elementor-hidden-mobile\" data-id=\"59203e9\" data-element_type=\"column\">\n\t\t\t<div class=\"elementor-column-wrap\">\n\t\t\t\t\t\t\t<div class=\"elementor-widget-wrap\">\n\t\t\t\t\t\t\t\t<\/div>\n\t\t\t\t\t<\/div>\n\t\t<\/div>\n\t\t\t\t\t\t\t\t<\/div>\n\t\t\t\t\t<\/div>\n\t\t<\/section>\n\t\t\t\t\t\t\t\t\t<\/div>\n\t\t\t<\/div>\n\t\t\t\t\t<\/div>\n\t\t","protected":false},"excerpt":{"rendered":"<p>Neugierig, was wir f\u00fcreinander tun k\u00f6nnen? Bitte z\u00f6gern Sie nicht, uns \u00fcber die untenstehenden Kontaktdaten zu kontaktieren.<\/p>\n","protected":false},"author":1,"featured_media":0,"parent":0,"menu_order":0,"comment_status":"closed","ping_status":"closed","template":"","meta":{"om_disable_all_campaigns":false,"_monsterinsights_skip_tracking":false,"_monsterinsights_sitenote_active":false,"_monsterinsights_sitenote_note":"","_monsterinsights_sitenote_category":0,"footnotes":""},"class_list":["post-21983","page","type-page","status-publish","hentry"],"aioseo_notices":[],"_links":{"self":[{"href":"https:\/\/fruitboomkwekerijmorren.nl\/de\/wp-json\/wp\/v2\/pages\/21983","targetHints":{"allow":["GET"]}}],"collection":[{"href":"https:\/\/fruitboomkwekerijmorren.nl\/de\/wp-json\/wp\/v2\/pages"}],"about":[{"href":"https:\/\/fruitboomkwekerijmorren.nl\/de\/wp-json\/wp\/v2\/types\/page"}],"author":[{"embeddable":true,"href":"https:\/\/fruitboomkwekerijmorren.nl\/de\/wp-json\/wp\/v2\/users\/1"}],"replies":[{"embeddable":true,"href":"https:\/\/fruitboomkwekerijmorren.nl\/de\/wp-json\/wp\/v2\/comments?post=21983"}],"version-history":[{"count":11,"href":"https:\/\/fruitboomkwekerijmorren.nl\/de\/wp-json\/wp\/v2\/pages\/21983\/revisions"}],"predecessor-version":[{"id":23152,"href":"https:\/\/fruitboomkwekerijmorren.nl\/de\/wp-json\/wp\/v2\/pages\/21983\/revisions\/23152"}],"wp:attachment":[{"href":"https:\/\/fruitboomkwekerijmorren.nl\/de\/wp-json\/wp\/v2\/media?parent=21983"}],"curies":[{"name":"wp","href":"https:\/\/api.w.org\/{rel}","templated":true}]}}